{"id":18,"date":"2024-12-21T20:01:10","date_gmt":"2024-12-21T20:01:10","guid":{"rendered":"https:\/\/www.xyrobotic.com\/?page_id=18"},"modified":"2025-10-22T09:41:04","modified_gmt":"2025-10-22T09:41:04","slug":"sss","status":"publish","type":"page","link":"https:\/\/www.xyrobotic.com\/?page_id=18","title":{"rendered":"SSS-LEVEL-(MH&amp;CV)"},"content":{"rendered":"\n<p>S\u0131k\u00e7a Sorulan Sorular<\/p>\n\n\n\n<p>S: XY-LEVEL termal olarak kalibre edilmi\u015f midir?<\/p>\n\n\n\n<p>C: Evet, XY-Level size do\u011fru seviyeleme bilgisi sa\u011flamak i\u00e7in termal olarak kalibre edilmi\u015ftir. \u00dccretsiz uygulamalar ve daha ucuz alternatiflerin aksine, XY-Level\u2019\u0131n kalibrasyonu seviye okumas\u0131n\u0131n ortam s\u0131cakl\u0131\u011f\u0131ndaki de\u011fi\u015fikliklerden etkilenmeyece\u011fini garanti eder. Bu, harici termal ko\u015fullardan ba\u011f\u0131ms\u0131z olarak hassas ve tutarl\u0131 seviyeleme sonu\u00e7lar\u0131na g\u00fcvenebilece\u011finiz anlam\u0131na gelir.<\/p>\n\n\n\n<p>S: XY-Level\u2019\u0131 \u00e7ekme \u00e7ubu\u011funa veya i\u00e7eri takarsam, t\u0131pk\u0131 bir su terazisi gibi, sadece monte edildi\u011fi k\u00fc\u00e7\u00fck alan\u0131 d\u00fczle\u015ftirmez mi? Nas\u0131l farkl\u0131d\u0131r?<\/p>\n\n\n\n<p>C: M\u00fckemmel bir soru. XY-Level, geleneksel su terazilerinden veya di\u011fer elektronik seviyeleyicilerden \u00f6nemli \u00f6l\u00e7\u00fcde farkl\u0131d\u0131r. Bir su terazisinin aksine, XYLevel\u2019\u0131n i\u015flevselli\u011fi monte edildi\u011fi alanla s\u0131n\u0131rl\u0131 de\u011fildir. Sadece yerel bir okuma sa\u011flamakla s\u0131n\u0131rl\u0131 de\u011fildir. Bunun yerine, XY-Level, nerede yerle\u015ftirildi\u011fine bak\u0131lmaks\u0131z\u0131n, ters monte edilmi\u015f olmama \u015fart\u0131 ile, t\u00fcm karavan\u0131n\u0131z\u0131 veya motorlu evinizi kapsaml\u0131 bir \u015fekilde d\u00fczle\u015ftirir.<\/p>\n\n\n\n<p>\u0130\u015fte sihir: Arac\u0131n\u0131z i\u00e7in tercih etti\u011finiz seviyeyi, bizim \u201cbireysel seviyeniz\u201d dedi\u011fimiz \u015feyi ki\u015fiselle\u015ftirirsiniz. XY-Level daha sonra \u2018S\u0131f\u0131r Kalibrasyon\u2019 yap\u0131ld\u0131ktan sonra bu 3B seviyeyi EPROM\u2019una kay\u0131t eder. O noktadan sonra, konforunuzu ve rahatl\u0131\u011f\u0131n\u0131z\u0131 sa\u011flayarak bu hassas seviyeyi korumak i\u00e7in yorulmadan \u00e7al\u0131\u015f\u0131r. Bu son teknoloji yetenek, basit bir su terazisinin veya uygulaman\u0131n \u00e7ok \u00f6tesine ge\u00e7er. Ve bizi karavan seviyeleme \u00e7\u00f6z\u00fcm\u00fcn\u00fc geli\u015ftirmeye y\u00f6nelten ve XY-Level\u2019\u0131n bir\u00e7ok \u00fcst d\u00fczey minib\u00fcste standart bir donan\u0131m olmas\u0131n\u0131n ve sekt\u00f6rde tercih edilmesinin sebebi de bu geli\u015fmi\u015f teknolojidir.<\/p>\n\n\n\n<p>S. XY-Level neden tercih edilmelidir?<\/p>\n\n\n\n<p>A. XY-Level\u2019\u0131 se\u00e7ti\u011finizde, orijinal ve en iyi hafif, kar\u015f\u0131la\u015ft\u0131r\u0131labilir derecede d\u00fc\u015f\u00fck maliyetli, uygulamalara ve taklitlere k\u0131yasla \u00e7ok daha \u00fcst\u00fcn (asl\u0131nda kesinlikle H\u0130\u00c7B\u0130R kar\u015f\u0131la\u015ft\u0131rma yok) tesviye \u00e7\u00f6z\u00fcm\u00fcne yat\u0131r\u0131m yap\u0131yorsunuz. Bunu sadece bizim \u00fcr\u00fcn\u00fcm\u00fcz oldu\u011fu i\u00e7in s\u00f6ylemiyoruz \u2013 bunu DO\u011eRU oldu\u011fu i\u00e7in g\u00fcvenle s\u00f6yl\u00fcyoruz. Bu y\u00fczden Xy-Level\u2019\u0131n t\u00fcm incelemeleri %98\u2019i olumlu ve 5 y\u0131ld\u0131zl\u0131d\u0131r.<\/p>\n\n\n\n<p>Ancak bu sadece ba\u015flang\u0131\u00e7. XY-Level gururla T\u00fcrkiye\u2019de \u00fcretilmi\u015ftir, T\u00fcrkiye\u2019ye aittir ve T\u00fcrk ailelere her ad\u0131mda destek sa\u011flar.<\/p>\n\n\n\n<p>\u00c7ekme ve Motorlu Karavanlar i\u00e7in \u00f6zel uygulamalar\u0131m\u0131z oldu\u011funu biliyor muydunuz? Benzersiz \u00e7ekme y\u00fcksekli\u011fi \u00f6zelli\u011fimiz, ba\u011flant\u0131 s\u00fcrecini tek seferde kolayla\u015ft\u0131r\u0131r ve tamamen entegre seviyeleme \u00e7\u00f6z\u00fcm\u00fcm\u00fcz, hava yast\u0131klar\u0131 kullan\u0131yorsan\u0131z hangi tekerle\u011fi al\u00e7altaca\u011f\u0131n\u0131z veya y\u00fckseltece\u011finiz ve rampalar veya bloklar kullan\u0131yorsan\u0131z hangi tekerle\u011fi rampalayaca\u011f\u0131n\u0131z konusunda size rehberlik eder. Seviyelemeden bahsetmi\u015fken, XY-Level ihtiyac\u0131n\u0131z olan tam bloklar\u0131 veya rampa y\u00fcksekliklerini hesaplayarak rampalar\u0131n\u0131z\u0131 asla a\u015fmaman\u0131z\u0131 sa\u011flar.<\/p>\n\n\n\n<p>XY-Level ile p\u00fcr\u00fczs\u00fcz, kesintisiz seviyeleme deneyimi ya\u015fay\u0131n. Son teknoloji \u00fcr\u00fcn\u00fc \u2018S\u0131f\u0131r Kalibrasyon\u2019 sunar, yani XY-Level tercih etti\u011finiz seviyeyi hat\u0131rlar ve her kurulumu \u00e7ocuk oyunca\u011f\u0131 haline getirir.<\/p>\n\n\n\n<p>5 dereceden daha az a\u00e7\u0131lar\u0131n do\u011fru seviyelenmesi i\u00e7in olmazsa olmaz bir \u00f6zellik olan 10x Yak\u0131nla\u015ft\u0131rman\u0131n g\u00fcc\u00fcn\u00fc ke\u015ffedin.<\/p>\n\n\n\n<p>S. XY-Level\u2019\u0131 karavan\u0131mda veya motokaravan\u0131mda herhangi bir yere monte edebilir miyim?<\/p>\n\n\n\n<p>A. E\u011fer bir motokaravan\u0131n\u0131z varsa, XY-Level\u2019\u0131 sa\u011flam bir zemine yatay olarak istedi\u011finiz yere monte edebilirsiniz.<\/p>\n\n\n\n<p>E\u011fer bir \u00e7ekme karavan\u0131n\u0131z varsa, XY-Level\u2019\u0131 A \u015fasisinin i\u00e7ine veya d\u0131\u015f\u0131na monte edebilirsiniz.<\/p>\n\n\n\n<p>A\u015fa\u011f\u0131daki durumlarda \u00fcniteyi dahili olarak kurun:<\/p>\n\n\n\n<p>\u2013 fiberglas veya kompozit (fiberglas, k\u00f6p\u00fck, yap\u0131\u015ft\u0131r\u0131c\u0131) karavan\u0131n\u0131z olmal\u0131 veya<br>\u2013 \u00fcnitenin monte edilece\u011fi bir raf\u0131 olan \u00f6n penceresi olmal\u0131 veya<br>\u2013 \u00f6n tarafta plastik kap\u0131l\u0131 bir t\u00fcnel bagaj\u0131 olmal\u0131 (t\u00fcnel bagaj\u0131na monte edin).<\/p>\n\n\n\n<p>A\u015fa\u011f\u0131daki durumlarda \u00fcniteyi harici olarak kurun:<\/p>\n\n\n\n<p>\u2013 Bluetooth sinyalinin (dahili olarak monte edilmi\u015fse) \u00e7ekme arac\u0131na ula\u015fmas\u0131n\u0131 engelleyen, a\u011f\u0131r metal kaplamal\u0131 bir Karavan\u0131n\u0131z varsa \u2013 Emin de\u011filseniz, test etmek i\u00e7in 9V pil adapt\u00f6r\u00fcn\u00fc kullan\u0131n.<br>\u2013 Kablolama veya di\u011fer nedenlerden dolay\u0131 harici olarak monte etmeyi tercih ediyorsan\u0131z.<\/p>\n\n\n\n<p>S: Mobil cihaz\u0131mdan XY-Level cihaz\u0131ma ba\u011flanam\u0131yorum?<\/p>\n\n\n\n<ol class=\"wp-block-list\">\n<li>Ba\u015fka bir mobil cihazla ba\u011flanmay\u0131 denediniz mi? DE\u011e\u0130LSE, l\u00fctfen \u015fimdi deneyin.<\/li>\n\n\n\n<li>Bluetooth e\u015fle\u015ftirmesi ile ba\u011flanmay\u0131 veya RemoteXY uygulamas\u0131 \u00fczerinden ba\u011flanmay\u0131 denediniz mi? XY-Level, al\u0131\u015fk\u0131n olabilece\u011finiz geleneksel e\u015fle\u015ftirme y\u00f6ntemleri de\u011fil, do\u011frudan uygulama \u00fczerinden ba\u011flan\u0131r. \u00dcr\u00fcn \u00fczerindeki \u015fifre kullan\u0131larak ba\u011flan\u0131l\u0131r. XY-Level bu nedenle ba\u011flanmas\u0131 KOLAYDIR.<\/li>\n\n\n\n<li>XY-Level\u2019\u0131n\u0131z harici olarak monte edilmek isteniyorsa IP68 muhafazal\u0131 \u00fcr\u00fcn\u00fcm\u00fcz sat\u0131n al\u0131nmal\u0131d\u0131r. Bu \u00e7ok \u00f6nemlidir.<\/li>\n\n\n\n<li>XY-Level\u2019\u0131n\u0131z\u0131n g\u00fc\u00e7 ald\u0131\u011f\u0131ndan emin olmak i\u00e7in do\u011frudan \u2018Ba\u011flant\u0131 Noktas\u0131\u2019ndaki pili kontrol ettiniz mi?<\/li>\n\n\n\n<li>\u00c7al\u0131\u015ft\u0131\u011f\u0131 zamandan durdu\u011fu zamana kadar ge\u00e7en s\u00fcrede bir de\u011fi\u015fiklik oldu mu?<\/li>\n<\/ol>\n\n\n\n<p>S: XY-Level\u2019\u0131 geleneksel seviyelendirme y\u00f6ntemlerine g\u00f6re kullanman\u0131n avantaj\u0131 nedir?<\/p>\n\n\n\n<p>A: XY-Level, t\u00fcm arac\u0131n\u0131z\u0131n tercih etti\u011finiz ayarlara g\u00f6re d\u00fcz olmas\u0131n\u0131 sa\u011flayarak hassas 3D seviyelendirme sunar. Geleneksel y\u00f6ntemlerin aksine, t\u00fcm arac\u0131n y\u00f6n\u00fcn\u00fc\/alan\u0131n\u0131 dikkate al\u0131r ve s\u00fcrekli ayarlama gerektirmez.<\/p>\n\n\n\n<p>S: XY-Level\u2019\u0131 tercih etti\u011fim seviyeye nas\u0131l kalibre edebilirim?<\/p>\n\n\n\n<p>A: Arac\u0131n\u0131z tercihinize g\u00f6re d\u00fcz oldu\u011funda, XY-LEVEL Uygulamas\u0131\u2019ndaki Ayarlar\u2019da \u2018S\u0131f\u0131r Kalibrasyon\u2019 d\u00fc\u011fmesini bas\u0131n ve bekleyin. Tamamland\u0131\u011f\u0131nda, gelecekteki seviyelendirmeleriniz i\u00e7in referans\u0131n\u0131z olarak kaydedilecektir.<\/p>\n\n\n\n<p>S: XY-Level\u2019\u0131 engebeli bir zeminde park halindeyken karavan\u0131m\u0131 d\u00fczeltmek i\u00e7in kullanabilir miyim?<\/p>\n\n\n\n<p>C: Kesinlikle! XY-Level, karavan\u0131n\u0131z\u0131 \u00e7e\u015fitli arazilerde do\u011fru bir \u015fekilde d\u00fczle\u015ftirmek ve park etti\u011finiz her yerde konforlu ve dengeli bir deneyim sa\u011flamak i\u00e7in tasarlanm\u0131\u015ft\u0131r.<\/p>\n\n\n\n<p>S: XY-Level\u2019\u0131n \u00e7al\u0131\u015fmas\u0131 i\u00e7in sabit bir g\u00fc\u00e7 kayna\u011f\u0131na ihtiya\u00e7 var m\u0131?<\/p>\n\n\n\n<p>A: XY-Level, 7 \u2013 30 Volt aras\u0131ndaki herhangi bir g\u00fc\u00e7 kayna\u011f\u0131yla \u00e7al\u0131\u015f\u0131r, bu nedenle 9V pil kullanabilirsiniz. Ancak, kesintisiz \u00e7al\u0131\u015fmay\u0131 sa\u011flamak i\u00e7in arac\u0131n\u0131z\u0131n g\u00fc\u00e7 kayna\u011f\u0131na ba\u011flaman\u0131z \u00f6nerilir ve ek bir \u00f6zellik olarak XY-Level, RemoteXY uygulaman\u0131z\u0131 a\u00e7\u0131p karavan\u0131n\u0131z\u0131n dahili pil beslemesini g\u00f6rebilece\u011finiz uzaktan bir pil okuyucusuna sahiptir. Genellikle tek tek sat\u0131n almak i\u00e7in daha fazla paraya mal olan g\u00fczel bir \u00fccretsiz \u00f6zellik.<\/p>\n\n\n\n<p>S: XY-Level\u2019\u0131n hareketleri, \u00fccretsiz uygulamalar ve daha ucuz \u00fcr\u00fcnlerdeki gibi sars\u0131nt\u0131l\u0131 ve dengesiz mi, bu da seviyeleme s\u00fcrecini zorla\u015ft\u0131r\u0131yor mu?<\/p>\n\n\n\n<p>C: Kesinlikle hay\u0131r. XY-Level, karavan\u0131n\u0131z\u0131n hareketini tam olarak taklit eden, dikkat \u00e7ekici derecede ak\u0131c\u0131 ve dengeli hareketler sunarak \u00f6ne \u00e7\u0131k\u0131yor. Sadece ekran uygulamas\u0131 hareketlerinin aksine, XY-Level kusursuz bir entegrasyon sunarak deneyiminizin ola\u011fan\u00fcst\u00fc olmas\u0131n\u0131 sa\u011flayan kapsaml\u0131 bir seviyeleme \u00e7\u00f6z\u00fcm\u00fc sa\u011fl\u0131yor.<\/p>\n\n\n\n<p>S: XY-Level her t\u00fcrl\u00fc \u00e7ekme ve motokaravanla uyumlu mu?<\/p>\n\n\n\n<p>C: Evet, XY-Level, boyut, marka veya modeline bak\u0131lmaks\u0131z\u0131n \u00e7ok \u00e7e\u015fitli \u00e7ekme ve motokaravanlarla \u00e7al\u0131\u015fmak \u00fczere tasarlanm\u0131\u015ft\u0131r. \u00c7ekme karavanlar i\u00e7in \u00f6zel bir uygulamas\u0131 XY-CARAVAN-LEVEL ve motokaravanlar i\u00e7in \u00f6zel bir uygulamas\u0131 XY-MOTOHAUSE-LEVEL vard\u0131r. RemoteXY\u2019de, hem iOS hem de android platformlar\u0131nda 20 sn \u00dcCRETS\u0130Z, pro 20$ ile sunulmaktad\u0131r.<\/p>\n\n\n\n<p>S: RemoteXY ayarlar\u0131m\u0131 di\u011fer cihazlarla payla\u015fabilir miyim?<\/p>\n\n\n\n<p>C: Evet, RemoteXY uygulamas\u0131n\u0131 kullanarak ayarlar\u0131n\u0131z\u0131 farkl\u0131 cihazlarda kaydedebilir ve geri y\u00fckleyebilirsiniz; bu, birden fazla cihaz kullan\u0131yorsan\u0131z kullan\u0131\u015fl\u0131 hale getirir. Ancak RemoteXY, tamamen \u015fifrelenmi\u015f bir ba\u011flant\u0131 sundu\u011fu i\u00e7in ayn\u0131 anda yaln\u0131zca bir cihaza ba\u011flan\u0131r ve bu da RemoteXY ile ak\u0131ll\u0131 cihaz\u0131n\u0131z aras\u0131nda g\u00fcvenli bir ba\u011flant\u0131 olmas\u0131n\u0131 sa\u011flar. Bu \u015fekilde, ilk \u015fifrelenmi\u015f ba\u011flant\u0131 kurulduktan sonra ASLA ba\u015fka birinin XY-Level\u2019\u0131na ba\u011flanamazs\u0131n\u0131z.<\/p>\n\n\n\n<p>S: XY-Level i\u00e7in bir garanti var m\u0131?<\/p>\n\n\n\n<p>C: Evet, XY-Level i\u00e7in kapsaml\u0131 2 y\u0131ll\u0131k garanti sunuyoruz. Garanti s\u00fcresi ve \u015fartlar\u0131 hakk\u0131nda ayr\u0131nt\u0131lar i\u00e7in l\u00fctfen web sitemize veya \u00fcr\u00fcn belgelerimize bak\u0131n.<\/p>\n\n\n\n<p>S: RemoteXY yaz\u0131l\u0131m\u0131m\u0131 nas\u0131l g\u00fcncelleyebilirim?<\/p>\n\n\n\n<p>A: G\u00fcncellemeler i\u00e7in Apple Store veya Play Store\u2019u kontrol edin.<\/p>\n\n\n\n<p>S: XY-Level hem iOS hem de Android cihazlarla \u00e7al\u0131\u015f\u0131r m\u0131?<\/p>\n\n\n\n<p>C: Evet, XY-Level hem iOS hem de Android cihazlarla uyumludur ve tercih etti\u011finiz mobil i\u015fletim sistemiyle kullanman\u0131za olanak tan\u0131r.<\/p>\n\n\n\n<p>S: XY-Level\u2019\u0131 karavanlar\u0131 dengelemenin yan\u0131 s\u0131ra ba\u015fka uygulamalar i\u00e7in de kullanabilir miyim?<\/p>\n\n\n\n<p>A: XY-Level \u00f6ncelikli olarak karavan seviyelendirme i\u00e7in tasarlanm\u0131\u015f olsa da, hassas seviyelendirmenin \u00f6nemli oldu\u011fu \u00e7e\u015fitli uygulamalar i\u00e7in uyarlanabilir. \u00d6rne\u011fin, vin\u00e7leri seviyelendirmek, tezgahlar\u0131n ve zeminlerin seviyelerini kontrol etmek vb. i\u00e7in kullan\u0131labilir. XY-Level hassas bir alettir ve bir oyuncak de\u011fildir, bu nedenle in\u015faat sekt\u00f6r\u00fcnde kullan\u0131labilir. Yemek kamyonlar\u0131n\u0131n ve dolap \u00fcreticilerinin de XY-Level\u2019\u0131n seviyelendirme kabiliyetinden yararland\u0131\u011f\u0131n\u0131 biliyor muydunuz?<\/p>\n\n\n\n<p>S: Karavan\u0131n\u0131z\u0131 eski usulde seviyelendirmek i\u00e7in de\u011ferli kamp zaman\u0131n\u0131z\u0131 harcamaktan b\u0131kt\u0131n\u0131z m\u0131?<\/p>\n\n\n\n<p>A: Tahminlere ve hayal k\u0131r\u0131kl\u0131klar\u0131na elveda deyin! XY-Level ile dakikalar i\u00e7inde zahmetsizce seviyelendirmenin keyfini \u00e7\u0131karacak, b\u00f6ylece daha erken rahatlamaya ba\u015flayabileceksiniz.<\/p>\n\n\n\n<p>S: Karavan\u0131n\u0131z\u0131n \u015fasisine gelebilecek olas\u0131 bir hasar konusunda endi\u015feli misiniz yoksa di\u011fer mevcut sistemlerle ili\u015fkili ek a\u011f\u0131rl\u0131k ve masraflara alternatif mi ar\u0131yorsunuz?<\/p>\n\n\n\n<p>A: XY-Level her iki endi\u015feyi de ele alan bir \u00e7\u00f6z\u00fcm sunar. XY-Level ile, RV\u2019nizin yap\u0131sal b\u00fct\u00fcnl\u00fc\u011f\u00fcn\u00fc koruyan g\u00fcvenli ve m\u00fcdahalesiz bir kurulum sundu\u011fu i\u00e7in \u00e7er\u00e7evenize hi\u00e7bir zarar gelmez. 200 g\u2019dan daha az a\u011f\u0131rl\u0131\u011fa sahip olan XY-Level, di\u011fer tesviye sistemlerinin \u00e7ok daha alt\u0131nda bir fiyata, hafif ve uygun maliyetli bir se\u00e7enek sunar. Ayn\u0131 ola\u011fan\u00fcst\u00fc sonu\u00e7lar\u0131, y\u00fcksek fiyat etiketi ve ek a\u011f\u0131rl\u0131k olmadan elde edersiniz.<\/p>\n\n\n\n<p>S: Her seferinde en do\u011fru tesviyeyi elde etti\u011finizden emin olmak ister misiniz?<\/p>\n\n\n\n<p>A: XY-Level\u2019\u0131n geli\u015fmi\u015f teknolojisi, arazi ne olursa olsun, istikrarl\u0131 ve konforlu bir kamp deneyimi sa\u011flamak i\u00e7in hassas 3D seviyeleme sa\u011flar.<\/p>\n\n\n\n<p>S: Karavan\u0131n\u0131z\u0131 a\u015f\u0131r\u0131 ekipmanla a\u015f\u0131r\u0131 y\u00fcklemekten endi\u015fe mi duyuyorsunuz?<\/p>\n\n\n\n<p>A: XY-Level\u2019\u0131n hafif ve kompakt tasar\u0131m\u0131 gereksiz a\u011f\u0131rl\u0131k eklemez ve onu karavan kurulumunuz i\u00e7in m\u00fckemmel bir ek yapar. Asl\u0131nda, XY-Level 200 g\u2019dan daha az a\u011f\u0131rl\u0131\u011fa sahiptir.<\/p>\n\n\n\n<p>S: T\u00fcm karavan tiplerine uyan \u00e7ok y\u00f6nl\u00fc bir seviyeleme \u00e7\u00f6z\u00fcm\u00fc m\u00fc ar\u0131yorsunuz?<\/p>\n\n\n\n<p>A: XY-Level, arac\u0131n\u0131z\u0131n boyutu veya modeli ne olursa olsun m\u00fckemmel bir uyum garanti ederek \u00e7ok \u00e7e\u015fitli \u00e7ekme ve motokaravanlarla uyumludur. XY-Level\u2019\u0131n karavanlar i\u00e7in \u00f6zel bir uygulamas\u0131 XY-CARAVAN-LEVEL ve motokaravanlar i\u00e7in \u00f6zel bir uygulamas\u0131 XY-MOTOHAUSE-LEVEL vard\u0131r.<\/p>\n\n\n\n<p>S: Konaklaman\u0131z s\u0131ras\u0131nda RV\u2019nizin seviyesini s\u00fcrekli izlemekten b\u0131kt\u0131n\u0131z m\u0131?<\/p>\n\n\n\n<p>A: XYLevel\u2019\u0131n haf\u0131za fonksiyonu tercih etti\u011finiz seviyeyi kaydetmenizi sa\u011flar, b\u00f6ylece seviyeyi ayarlay\u0131p unutabilir, b\u00f6ylece kesinti olmadan zaman\u0131n\u0131z\u0131n tad\u0131n\u0131 \u00e7\u0131karabilirsiniz.<\/p>\n\n\n\n<p>S: Seyahatiniz s\u0131ras\u0131nda karavan\u0131n\u0131z\u0131n ak\u00fcs\u00fcn\u00fc s\u00fcrekli kontrol etme ihtiyac\u0131ndan b\u0131kt\u0131n\u0131z m\u0131?<\/p>\n\n\n\n<p>A: XY-Level\u2019\u0131n uzaktan pil \u00f6zelli\u011fiyle pil endi\u015felerine elveda deyin. Uygulamaya basit bir dokunu\u015fla pil tedarikinizi zahmetsizce takip edin.<\/p>\n\n\n\n<p>S. Hassasiyet Neden Bu Kadar \u00d6nemlidir?<\/p>\n\n\n\n<p>Di\u011fer \u00dcr\u00fcnlerde ve Telefon D\u00fczeltme Makinelerinde Tipik 0,5 Derecelik Hata<\/p>\n\n\n\n<p>Bu \u015fu anlama gelir:<\/p>\n\n\n\n<p>Di\u011fer \u00fcr\u00fcnler ve telefon tesviye aletlerinde +\/- 0,5 derecelik a\u00e7\u0131 hatalar\u0131 vard\u0131r ve s\u0131cakl\u0131k donma noktas\u0131ndan s\u0131cak bir g\u00fcne ge\u00e7ti\u011finde bu hatalar birka\u00e7 dereceye kadar artar!<\/p>\n\n\n\n<p>Bu \u015fu anlama gelir:<\/p>\n\n\n\n<p>E\u011fim Hatas\u0131: +\/- 0,5 derecelik a\u00e7\u0131sal hata, 3m geni\u015flikte istenilen seviye etraf\u0131nda 52mm\u2019ye kadar bir sapma anlam\u0131na gelir ve s\u0131cakl\u0131k so\u011fuktan s\u0131ca\u011fa de\u011fi\u015firse 260 mm\u2019ye kadar \u00e7\u0131kabilir!<\/p>\n\n\n\n<p>E\u011fim Hatas\u0131: +\/- 0.5 derecelik a\u00e7\u0131sal hata, 9 metrelik bir uzunluk i\u00e7in istenilen seviye etraf\u0131nda 157 mm\u2019ye kadar de\u011fi\u015fim anlam\u0131na gelir ve s\u0131cakl\u0131k so\u011fuktan s\u0131ca\u011fa de\u011fi\u015firse bu de\u011fer 780 mm\u2019ye (2\/3 metre) kadar \u00e7\u0131kabilir! Hileli cihaz \u2013 H\u0130\u00c7B\u0130R \u015eEK\u0130LDE pratik de\u011fil!<\/p>\n\n\n\n<p>XY-Level 0,1 Derece Hassasiyeti<\/p>\n\n\n\n<p>Bu \u015fu anlama gelir:<\/p>\n\n\n\n<p>XY-Level, i\u015flemcideki geli\u015fmi\u015f matematiksel form\u00fcller sayesinde donma noktas\u0131ndan s\u0131ca\u011fa ge\u00e7i\u015fte +\/- 0.1\u2019lik a\u00e7\u0131 hatas\u0131n\u0131 korur.<\/p>\n\n\n\n<p>Bu \u015fu anlama gelir:<\/p>\n\n\n\n<p>E\u011fim Hatas\u0131: +\/- 0.1 derece a\u00e7\u0131sal hata, 3m geni\u015flikte, s\u0131cakl\u0131k donma noktas\u0131ndan s\u0131ca\u011fa de\u011fi\u015fse bile istenilen seviyenin etraf\u0131nda maksimum 10mm\u2019ye kadar sapma anlam\u0131na gelir!<\/p>\n\n\n\n<p>E\u011fim Hatas\u0131: +\/- 0.1 derece a\u00e7\u0131sal hata, s\u0131cakl\u0131\u011f\u0131n donma noktas\u0131ndan s\u0131ca\u011fa de\u011fi\u015fmesi durumunda bile 9 metrelik bir uzunluk i\u00e7in istenilen seviyenin etraf\u0131nda maksimum 31 mm\u2019ye kadar de\u011fi\u015fim anlam\u0131na gelir!<\/p>\n\n\n\n<p>\u00c7ok pratik!<\/p>\n\n\n\n<p>Unutmay\u0131n, XY-Level sadece bir seviyeleme cihaz\u0131 de\u011fil; kusursuz, keyifli ve g\u00fcvenli maceralar arayan karavan tutkunlar\u0131 i\u00e7in oyunun kurallar\u0131n\u0131 de\u011fi\u015ftiren bir cihazd\u0131r. Hemen https:\/\/xyrobotic.com adresinden sizinkini al\u0131n ve fark\u0131 deneyimleyin!<\/p>\n\n\n\n<p>XY-Level\u2019\u0131mla ilgili sorun mu ya\u015f\u0131yorum?<br>T\u00fcm talimatlar\u0131 okudunuz mu?<br>XY-CARAVAN-LEVEL Dok\u00fcmantasyonu<\/p>\n\n\n\n<p>E\u011fer yapmad\u0131ysan\u0131z l\u00fctfen HEMEN yap\u0131n.<\/p>\n","protected":false},"excerpt":{"rendered":"<p>S\u0131k\u00e7a Sorulan Sorular S: XY-LEVEL termal olarak kalibre edilmi\u015f midir? C: Evet, XY-Level size do\u011fru seviyeleme bilgisi sa\u011flamak i\u00e7in termal olarak kalibre edilmi\u015ftir. \u00dccretsiz uygulamalar ve daha ucuz alternatiflerin aksine, XY-Level\u2019\u0131n kalibrasyonu seviye okumas\u0131n\u0131n ortam s\u0131cakl\u0131\u011f\u0131ndaki de\u011fi\u015fikliklerden etkilenmeyece\u011fini garanti eder. Bu, harici termal ko\u015fullardan ba\u011f\u0131ms\u0131z olarak hassas ve tutarl\u0131 seviyeleme sonu\u00e7lar\u0131na g\u00fcvenebilece\u011finiz anlam\u0131na gelir. S: &hellip; <\/p>\n<p class=\"link-more\"><a href=\"https:\/\/www.xyrobotic.com\/?page_id=18\" class=\"more-link\">Okumaya devam et<span class=\"screen-reader-text\"> &#8220;SSS-LEVEL-(MH&amp;CV)&#8221;<\/span><\/a><\/p>\n","protected":false},"author":1,"featured_media":0,"parent":0,"menu_order":0,"comment_status":"closed","ping_status":"closed","template":"","meta":{"_joinchat":[],"footnotes":""},"class_list":["post-18","page","type-page","status-publish","hentry"],"_links":{"self":[{"href":"https:\/\/www.xyrobotic.com\/index.php?rest_route=\/wp\/v2\/pages\/18","targetHints":{"allow":["GET"]}}],"collection":[{"href":"https:\/\/www.xyrobotic.com\/index.php?rest_route=\/wp\/v2\/pages"}],"about":[{"href":"https:\/\/www.xyrobotic.com\/index.php?rest_route=\/wp\/v2\/types\/page"}],"author":[{"embeddable":true,"href":"https:\/\/www.xyrobotic.com\/index.php?rest_route=\/wp\/v2\/users\/1"}],"replies":[{"embeddable":true,"href":"https:\/\/www.xyrobotic.com\/index.php?rest_route=%2Fwp%2Fv2%2Fcomments&post=18"}],"version-history":[{"count":3,"href":"https:\/\/www.xyrobotic.com\/index.php?rest_route=\/wp\/v2\/pages\/18\/revisions"}],"predecessor-version":[{"id":671,"href":"https:\/\/www.xyrobotic.com\/index.php?rest_route=\/wp\/v2\/pages\/18\/revisions\/671"}],"wp:attachment":[{"href":"https:\/\/www.xyrobotic.com\/index.php?rest_route=%2Fwp%2Fv2%2Fmedia&parent=18"}],"curies":[{"name":"wp","href":"https:\/\/api.w.org\/{rel}","templated":true}]}}