{"id":24,"date":"2024-12-21T20:07:38","date_gmt":"2024-12-21T20:07:38","guid":{"rendered":"https:\/\/www.xyrobotic.com\/?page_id=24"},"modified":"2025-10-22T11:10:56","modified_gmt":"2025-10-22T11:10:56","slug":"xy-level-mh","status":"publish","type":"page","link":"https:\/\/www.xyrobotic.com\/?page_id=24","title":{"rendered":"XY-LEVEL-MH(Motorlu Karavanlar i\u00e7in)"},"content":{"rendered":"\n<p>Tatil arac\u0131n\u0131z\u0131 saniyeler i\u00e7inde, koltu\u011funuzun rahatl\u0131\u011f\u0131ndan kolayl\u0131kla ve basit bir \u015fekilde m\u00fckemmel seviyenize ayarlay\u0131n.<\/p>\n\n\n<div class=\"wp-block-image\">\n<figure class=\"aligncenter size-large is-resized\"><img loading=\"lazy\" decoding=\"async\" width=\"1024\" height=\"563\" src=\"http:\/\/www.xyrobotic.com\/wp-content\/uploads\/2024\/12\/motorhome_level-1-1024x563.png\" alt=\"\" class=\"wp-image-22\" style=\"width:342px;height:auto\" srcset=\"https:\/\/www.xyrobotic.com\/wp-content\/uploads\/2024\/12\/motorhome_level-1-1024x563.png 1024w, https:\/\/www.xyrobotic.com\/wp-content\/uploads\/2024\/12\/motorhome_level-1-300x165.png 300w, https:\/\/www.xyrobotic.com\/wp-content\/uploads\/2024\/12\/motorhome_level-1-768x422.png 768w, https:\/\/www.xyrobotic.com\/wp-content\/uploads\/2024\/12\/motorhome_level-1-1536x845.png 1536w, https:\/\/www.xyrobotic.com\/wp-content\/uploads\/2024\/12\/motorhome_level-1-2048x1126.png 2048w\" sizes=\"auto, (max-width: 767px) 89vw, (max-width: 1000px) 54vw, (max-width: 1071px) 543px, 580px\" \/><\/figure>\n<\/div>\n\n\n<p>Motor karavan\u0131n esnemeyen herhangi bir noktas\u0131na \u00e7ift tarafl\u0131 yap\u0131\u015fkan bant veya kutu i\u00e7erisinde g\u00f6nderilen montaj vidalar\u0131 ile sabitleyebilirsiniz. Motorlu karavanlar i\u00e7in kamp alan\u0131nda d\u00fczg\u00fcn yer bulmak veya kolayl\u0131kla karavan\u0131n\u0131z\u0131 dengeye getirmek i\u00e7in, yard\u0131mc\u0131 olarak \u00fcretilmi\u015ftir.<br>Gururla %100 Yerli tasar\u0131m\u0131 olup, e\u015fsiz g\u00fcvenilirlik i\u00e7in k\u00fcresel standartlara uygun olarak \u00fcretilmi\u015ftir.<br>XY-LEVEL-MH-IP54 Tesviye Cihaz\u0131, kapal\u0131 alan montaj\u0131 i\u00e7indir. A\u00e7\u0131k alan i\u00e7in XY-LEVEL-MH-IP67 (Opsiyonel) \u00fcr\u00fcn\u00fcm\u00fcz\u00fc tercih edebilirsiniz.<\/p>\n\n\n\n<p><strong>XY-LEVEL&#8217;\u0131n Konumland\u0131r\u0131lmas\u0131<\/strong><\/p>\n\n\n\n<p>Bu aktivite, XY-LEVEL&#8217;\u0131n nereye kurulaca\u011f\u0131na karar verirken en \u00f6nemli ad\u0131mlardan biridir.<\/p>\n\n\n\n<p>\u00dcniteyi en uygun konuma yerle\u015ftirmek, XY-LEVEL ile telefonunuzdaki veya tabletinizdeki ilgili Mobil Uygulama aras\u0131ndaki Bluetooth sinyalinin g\u00fcc\u00fcn\u00fc en \u00fcst d\u00fczeye \u00e7\u0131karacakt\u0131r. Sinyal, XY-LEVEL ile s\u00fcr\u00fcc\u00fc aras\u0131nda veri aktar\u0131m\u0131n\u0131 kolayla\u015ft\u0131racak kadar g\u00fc\u00e7l\u00fc olmal\u0131d\u0131r.<\/p>\n\n\n\n<p>Metal genellikle Bluetooth sinyallerini zay\u0131flat\u0131r. Bu nedenle, s\u00fcr\u00fcc\u00fc koltu\u011funda oturdu\u011funuzda, g\u00fcvenilir bir ba\u011flant\u0131 sa\u011flayan optimum sinyali sa\u011flamak i\u00e7in, karavan\u0131n\u0131zda bir yer bulmak \u00e7ok \u00f6nemlidir.&nbsp;<\/p>\n\n\n\n<p>XY-LEVEL kurulumu i\u00e7in en iyi yeri belirlemek i\u00e7in a\u015fa\u011f\u0131dakileri g\u00f6z \u00f6n\u00fcnde bulundurun:<\/p>\n\n\n\n<p>\u00d6ncelikle XY-LEVEL kutusundan \u00e7\u0131kan 9V pil kablosunu kullan\u0131n.<\/p>\n\n\n\n<p>9V pili XY-LEVEL \u00fcnitesine ba\u011flay\u0131n ve telefonunuza veya tabletinize indirdi\u011finiz <strong><a href=\"https:\/\/www.xyrobotic.com\/?page_id=31\" data-type=\"page\" data-id=\"31\">RemodeXY<\/a><\/strong> Uygulamas\u0131n\u0131 kullanarak bir <strong><a href=\"https:\/\/www.xyrobotic.com\/?page_id=102\" data-type=\"page\" data-id=\"102\">Bluetooth BLE Ba\u011flant\u0131s\u0131<\/a><\/strong> ba\u011flant\u0131s\u0131 kurun. Roll ve Pitch e\u011fimin belirtildi\u011fi ana tasar\u0131m ekran\u0131n\u0131 g\u00f6receksiniz. XY-LEVEL cihaz\u0131n\u0131 e\u011fdi\u011finizde hareketlili\u011fi g\u00f6sterecektir. XY-LEVEL&#8217;yi \u00e7e\u015fitli konumlara yerle\u015ftirin ve Bluetooth sinyalini s\u00fcr\u00fcc\u00fc koltu\u011fundan test edin.<\/p>\n\n\n\n<p>Bir konum belirlendikten sonra XY-LEVEL&#8217;yi 9V pilden ay\u0131r\u0131n. XY-LEVEL, s\u00fcrekli 7 \u2013 30VDC sa\u011flayabilen bir g\u00fc\u00e7 kayna\u011f\u0131 gereklidir, bu nedenle l\u00fctfen \u00fcniteyi karavan ak\u00fcs\u00fcn\u00fcn 12 VDC&#8217;sine sabitleyin. Sadece ~50mA kullan\u0131r, bu nedenle karavan ak\u00fcs\u00fcne s\u00fcrekli olarak ba\u011flanmas\u0131 g\u00fcvenlidir. E\u011fer isterseniz \u00fcr\u00fcn ile birlikte Ak\u00fc koruma \u00fcnitesi(opsiyonel) sat\u0131n alabilirsiniz. &nbsp;<\/p>\n\n\n\n<p>Not: \u00dcniteyi karavan ak\u00fcs\u00fcn\u00fcn 12V&#8217;una sabitleyin, \u00fcniteyi XY-LEVEL&#8217;nin belirlenen konumunun yak\u0131n\u0131ndaki herhangi bir mevcut g\u00fc\u00e7 hatt\u0131na ba\u011flayarak yap\u0131labilir, buna \u00f6rnek olarak ayd\u0131nlatma lambas\u0131na (dahili kurulum i\u00e7in) giden bir kablo verilebilir.<\/p>\n\n\n\n<h4 class=\"wp-block-heading\"><strong>XY-LEVEL&#8217;in Kablolamas\u0131<\/strong><\/h4>\n\n\n\n<p>Piyasada \u00e7ok say\u0131da konnekt\u00f6r \u00e7e\u015fidi bulunmaktad\u0131r ve en uygun olanlar\u0131 se\u00e7mek montajc\u0131n\u0131n sorumlulu\u011fundad\u0131r.<\/p>\n\n\n\n<p><strong>XY-LEVEL<\/strong>&#8216;in kablo \u00e7\u0131k\u0131\u015f\u0131 karavan\u0131n arkas\u0131na bakacak \u015fekilde konumland\u0131r\u0131lmas\u0131 gereklidir, kutu \u00fczerinde ok i\u015fareti ile karavan\u0131n \u00f6n\u00fcne gelecek k\u0131s\u0131m i\u015faretlidir.<\/p>\n\n\n\n<p><strong>S\u0131f\u0131r Kalibrasyon<\/strong><\/p>\n\n\n\n<p><strong>XY-LEVEL<\/strong>&#8216;nin s\u0131f\u0131r kalibrasyonu, karavan sahibi taraf\u0131ndan yap\u0131lmas\u0131 gereken son bir aktivitedir. Kurulum s\u00fcrecinin bir par\u00e7as\u0131 olmak zorunda de\u011fildir ancak <strong>XY-LEVEL<\/strong> kurulumunu tamamlamak i\u00e7in gereklidir. S\u0131f\u0131r kalibrasyon, esasen <strong>XY-LEVEL<\/strong>&#8216;da tercih etti\u011finiz karavan seviyesini belirleyen ve kay\u0131t eden bir \u00fcr\u00fcnd\u00fcr, b\u00f6ylece karavan\u0131n\u0131z\u0131 nerede seviyelendirirseniz seviyeyi <strong>XY-LEVEL<\/strong>&#8216;de kaydedilen seviyeye, yani ideal seviyenize s\u00fcrekli olarak ula\u015f\u0131rs\u0131n\u0131z.<\/p>\n\n\n\n<ul class=\"wp-block-list\">\n<li><strong>XY-LEVEL<\/strong> \u00fcnitesini s\u0131f\u0131rlamadan \u00f6nce, S\u0131f\u0131r ayar\u0131n\u0131 ba\u015flatmadan karavan\u0131n\u0131z\u0131, \u00f6rne\u011fin su terazisi gibi elinizdeki herhangi bir ara\u00e7la d\u00fczle\u015ftirin. Bunu yaparken, yata\u011f\u0131n, buzdolab\u0131n\u0131n, du\u015ftaki su giderinin vb. e\u011fimini g\u00f6z \u00f6n\u00fcnde bulundurmak isteyebilirsiniz.<\/li>\n\n\n\n<li>RemoteXY uygulamas\u0131 ile <strong>XY-LEVEL<\/strong> aras\u0131nda bir Bluetooth BLE ba\u011flant\u0131s\u0131 kurun.<\/li>\n\n\n\n<li>Ayarlar&#8217;a gidin ve pencerenin \u00fcst k\u0131sm\u0131ndaki &#8216;Zero Cal&#8217; buton \u00fczerinde &#8216;READY&#8217; yaz\u0131yorsa butonuna t\u0131klay\u0131n. E\u011fer &#8216;FINISH&#8217; yaz\u0131yorsa <strong>XY-LEVEL<\/strong> \u00fcr\u00fcn\u00fcn\u00fcn enerjisini kesip tekrar vermelisiniz.<\/li>\n\n\n\n<li>Kalibrasyon ba\u015flad\u0131\u011f\u0131nda &#8216;Zero Cal&#8217; buton \u00fczerinde &#8216;CALIBRATION&#8217; yaz\u0131s\u0131 kalibrasyon s\u00fcresince yan\u0131p s\u00f6ner. Bu s\u0131rada karavan ve <strong>XY-LEVEL<\/strong> \u00fcr\u00fcn\u00fcne hi\u00e7 bir m\u00fcdahele yap\u0131lmaz.<\/li>\n\n\n\n<li>&#8216;Zero Cal&#8217; buton \u00fczerinde &#8216;FINISH&#8217; yazd\u0131\u011f\u0131nda kalibrasyon bitmi\u015ftir.<\/li>\n\n\n\n<li>T\u00fcm Roll ve Pitch rakamlar\u0131n\u0131n s\u0131f\u0131rland\u0131\u011f\u0131n\u0131 fark edeceksiniz. Bu, <strong>XY-LEVEL<\/strong>&#8216;nin sizi bundan sonra her zaman getirece\u011fi referans\/tercih edilen seviyenizdir.<\/li>\n<\/ul>\n\n\n\n<p>&nbsp;<strong>XY-LEVEL<\/strong> kurulumu art\u0131k tamamland\u0131.<\/p>\n\n\n\n<p><strong>\u00d6zellikleri;<\/strong><\/p>\n\n\n\n<ul class=\"wp-block-list\">\n<li>\u00c7al\u0131\u015fma gerilimi: 7VDC-30VDC 50mA<\/li>\n\n\n\n<li>Ters ba\u011flant\u0131 korumal\u0131d\u0131r.<\/li>\n\n\n\n<li>Motorlu Karavanlar i\u00e7in kullan\u0131ma uygundur.<\/li>\n\n\n\n<li>Montaj\u0131 \u00e7ok kolayd\u0131r.<\/li>\n\n\n\n<li>H\u0131zl\u0131 ve zahmetsiz dengeleme<\/li>\n\n\n\n<li>Karavan\u0131n\u0131z\u0131 yard\u0131m almadan ba\u011f\u0131ms\u0131z bir \u015fekilde d\u00fczle\u015ftirin.<\/li>\n\n\n\n<li>Karavan\u0131n\u0131z\u0131 dengelemek i\u00e7in gereken blok say\u0131s\u0131n\u0131 g\u00f6sterir<\/li>\n\n\n\n<li>Buzdolab\u0131n\u0131z\u0131n optimum performans\u0131n\u0131 koruyun.<\/li>\n\n\n\n<li>Ak\u00fc voltaj\u0131n\u0131n izlenmesine olanak tan\u0131r.<\/li>\n\n\n\n<li>Bluetooth arac\u0131l\u0131\u011f\u0131yla tamamen \u015febekeden ba\u011f\u0131ms\u0131z \u00e7al\u0131\u015f\u0131r, internete ihtiya\u00e7 duymaz<\/li>\n<\/ul>\n\n\n\n<p><strong>iOS ve Android i\u00e7in Uygulama Ekran G\u00f6r\u00fcnt\u00fcleri;<\/strong><\/p>\n\n\n\n<figure class=\"wp-block-gallery has-nested-images columns-default is-cropped wp-block-gallery-1 is-layout-flex wp-block-gallery-is-layout-flex\">\n<figure class=\"wp-block-image size-large\"><img loading=\"lazy\" decoding=\"async\" width=\"522\" height=\"1024\" data-id=\"515\" src=\"https:\/\/www.xyrobotic.com\/wp-content\/uploads\/2025\/03\/WhatsApp-Image-2025-03-20-at-19.13.05-522x1024.jpeg\" alt=\"\" class=\"wp-image-515\" srcset=\"https:\/\/www.xyrobotic.com\/wp-content\/uploads\/2025\/03\/WhatsApp-Image-2025-03-20-at-19.13.05-522x1024.jpeg 522w, https:\/\/www.xyrobotic.com\/wp-content\/uploads\/2025\/03\/WhatsApp-Image-2025-03-20-at-19.13.05-153x300.jpeg 153w, https:\/\/www.xyrobotic.com\/wp-content\/uploads\/2025\/03\/WhatsApp-Image-2025-03-20-at-19.13.05-768x1508.jpeg 768w, https:\/\/www.xyrobotic.com\/wp-content\/uploads\/2025\/03\/WhatsApp-Image-2025-03-20-at-19.13.05-782x1536.jpeg 782w, https:\/\/www.xyrobotic.com\/wp-content\/uploads\/2025\/03\/WhatsApp-Image-2025-03-20-at-19.13.05.jpeg 815w\" sizes=\"auto, (max-width: 522px) 100vw, 522px\" \/><\/figure>\n\n\n\n<figure class=\"wp-block-image size-large\"><img loading=\"lazy\" decoding=\"async\" width=\"521\" height=\"1024\" data-id=\"517\" src=\"https:\/\/www.xyrobotic.com\/wp-content\/uploads\/2025\/03\/WhatsApp-Image-2025-03-20-at-19.13.04-1-521x1024.jpeg\" alt=\"\" class=\"wp-image-517\" srcset=\"https:\/\/www.xyrobotic.com\/wp-content\/uploads\/2025\/03\/WhatsApp-Image-2025-03-20-at-19.13.04-1-521x1024.jpeg 521w, https:\/\/www.xyrobotic.com\/wp-content\/uploads\/2025\/03\/WhatsApp-Image-2025-03-20-at-19.13.04-1-153x300.jpeg 153w, https:\/\/www.xyrobotic.com\/wp-content\/uploads\/2025\/03\/WhatsApp-Image-2025-03-20-at-19.13.04-1-768x1510.jpeg 768w, https:\/\/www.xyrobotic.com\/wp-content\/uploads\/2025\/03\/WhatsApp-Image-2025-03-20-at-19.13.04-1-781x1536.jpeg 781w, https:\/\/www.xyrobotic.com\/wp-content\/uploads\/2025\/03\/WhatsApp-Image-2025-03-20-at-19.13.04-1.jpeg 814w\" sizes=\"auto, (max-width: 521px) 100vw, 521px\" \/><\/figure>\n<\/figure>\n\n\n\n<p><strong>IP54 Paket i\u00e7eri\u011fi;<\/strong><\/p>\n\n\n\n<ul class=\"wp-block-list\">\n<li>1 Adet XY-LEVEL-MH-IP54 izleme ve kontrol \u00fcnitesi (Montaj vidalar\u0131 ile)<\/li>\n\n\n\n<li>1 Adet 9 Volt pil<\/li>\n\n\n\n<li>1 Adet 9 Volt pil soketi<\/li>\n\n\n\n<li>1 Adet sigorta yuvas\u0131<\/li>\n\n\n\n<li>2 Adet 5x50mm 500 mA Cam sigorta (Yedek)<\/li>\n<\/ul>\n\n\n\n<p><strong>IP67 Paket i\u00e7eri\u011fi;<\/strong><\/p>\n\n\n\n<ul class=\"wp-block-list\">\n<li>1 Adet XY-LEVEL-MH-IP67 izleme ve kontrol \u00fcnitesi (Montaj vidalar\u0131 ile)<\/li>\n\n\n\n<li>1 Adet 9 Volt pil<\/li>\n\n\n\n<li>1 Adet 9 Volt pil soketi<\/li>\n\n\n\n<li>1 Adet sigorta yuvas\u0131<\/li>\n\n\n\n<li>2 Adet 5x50mm 500 mA Cam sigorta (Yedek)<\/li>\n<\/ul>\n\n\n\n<p><strong>Opsiyonlar;<\/strong><\/p>\n\n\n\n<ul class=\"wp-block-list\">\n<li>XY-LEVEL-MH-IP54 \u0130\u00e7 ortam i\u00e7in \u00f6zel \u00fcretilmi\u015ftir<\/li>\n\n\n\n<li>XY-LEVEL-MH-IP67 D\u0131\u015f ortam i\u00e7in \u00f6zel \u00fcretilmi\u015ftir<\/li>\n\n\n\n<li>R\u00f6le \u00e7\u0131k\u0131\u015f\u0131 (240 VAC 7A \/ 120 VDC 7A)<\/li>\n\n\n\n<li>Sesli uyar\u0131<\/li>\n<\/ul>\n\n\n\n<p>T\u00fcrkiye\u2019nin her yerine kargo ile g\u00f6nderilir.<\/p>\n\n\n\n<p>2 y\u0131l \u00fcr\u00fcn ve 10 y\u0131l par\u00e7a garantilidir.<\/p>\n\n\n\n<p>\u00dcr\u00fcn uygulama \u00fczerinden ayarlama ve izleme yap\u0131labilir. Uygulama 20 sn. s\u0131n\u0131rs\u0131z g\u00f6r\u00fcnt\u00fcleme i\u00e7in \u00fccretsizdir. Pro i\u00e7in uygulama i\u00e7i sat\u0131n alma mevcuttur.<\/p>\n\n\n\n<p>Kusursuz bir \u00e7al\u0131\u015fma sa\u011flamak i\u00e7in <strong><a href=\"https:\/\/www.xyrobotic.com\/?page_id=31\" data-type=\"page\" data-id=\"31\">RemoteXY<\/a><\/strong> Uygulamas\u0131n\u0131 indirmeyi unutmay\u0131n.<\/p>\n\n\n\n<p><\/p>\n","protected":false},"excerpt":{"rendered":"<p>Tatil arac\u0131n\u0131z\u0131 saniyeler i\u00e7inde, koltu\u011funuzun rahatl\u0131\u011f\u0131ndan kolayl\u0131kla ve basit bir \u015fekilde m\u00fckemmel seviyenize ayarlay\u0131n. Motor karavan\u0131n esnemeyen herhangi bir noktas\u0131na \u00e7ift tarafl\u0131 yap\u0131\u015fkan bant veya kutu i\u00e7erisinde g\u00f6nderilen montaj vidalar\u0131 ile sabitleyebilirsiniz. Motorlu karavanlar i\u00e7in kamp alan\u0131nda d\u00fczg\u00fcn yer bulmak veya kolayl\u0131kla karavan\u0131n\u0131z\u0131 dengeye getirmek i\u00e7in, yard\u0131mc\u0131 olarak \u00fcretilmi\u015ftir.Gururla %100 Yerli tasar\u0131m\u0131 olup, e\u015fsiz g\u00fcvenilirlik &hellip; <\/p>\n<p class=\"link-more\"><a href=\"https:\/\/www.xyrobotic.com\/?page_id=24\" class=\"more-link\">Okumaya devam et<span class=\"screen-reader-text\"> &#8220;XY-LEVEL-MH(Motorlu Karavanlar i\u00e7in)&#8221;<\/span><\/a><\/p>\n","protected":false},"author":1,"featured_media":0,"parent":0,"menu_order":0,"comment_status":"closed","ping_status":"closed","template":"","meta":{"_joinchat":[],"footnotes":""},"class_list":["post-24","page","type-page","status-publish","hentry"],"_links":{"self":[{"href":"https:\/\/www.xyrobotic.com\/index.php?rest_route=\/wp\/v2\/pages\/24","targetHints":{"allow":["GET"]}}],"collection":[{"href":"https:\/\/www.xyrobotic.com\/index.php?rest_route=\/wp\/v2\/pages"}],"about":[{"href":"https:\/\/www.xyrobotic.com\/index.php?rest_route=\/wp\/v2\/types\/page"}],"author":[{"embeddable":true,"href":"https:\/\/www.xyrobotic.com\/index.php?rest_route=\/wp\/v2\/users\/1"}],"replies":[{"embeddable":true,"href":"https:\/\/www.xyrobotic.com\/index.php?rest_route=%2Fwp%2Fv2%2Fcomments&post=24"}],"version-history":[{"count":27,"href":"https:\/\/www.xyrobotic.com\/index.php?rest_route=\/wp\/v2\/pages\/24\/revisions"}],"predecessor-version":[{"id":682,"href":"https:\/\/www.xyrobotic.com\/index.php?rest_route=\/wp\/v2\/pages\/24\/revisions\/682"}],"wp:attachment":[{"href":"https:\/\/www.xyrobotic.com\/index.php?rest_route=%2Fwp%2Fv2%2Fmedia&parent=24"}],"curies":[{"name":"wp","href":"https:\/\/api.w.org\/{rel}","templated":true}]}}