{"id":259,"date":"2025-01-16T12:21:12","date_gmt":"2025-01-16T12:21:12","guid":{"rendered":"https:\/\/www.xyrobotic.com\/?page_id=259"},"modified":"2025-03-29T13:14:59","modified_gmt":"2025-03-29T13:14:59","slug":"toptan","status":"publish","type":"page","link":"https:\/\/www.xyrobotic.com\/?page_id=259","title":{"rendered":"Bayimiz Olun"},"content":{"rendered":"\n<h1 class=\"wp-block-heading has-text-align-center\">Toptan &amp; Bayilik F\u0131rsatlar\u0131<\/h1>\n\n\n\n<p>E\u011fer kaliteli karavan aksesuarlar\u0131 sat\u0131c\u0131s\u0131 veya karavan bayisiyseniz, sizden haber almak isteriz!<br>A\u015fa\u011f\u0131daki formu doldurman\u0131z yeterlidir, en k\u0131sa s\u00fcre i\u00e7inde sizinle ileti\u015fime ge\u00e7ilecektir.<\/p>\n\n\n\n<p class=\"has-text-align-center\"><strong>Bunu resmile\u015ftirelim.<\/strong><\/p>\n\n\n\n<div class=\"wpcf7 no-js\" id=\"wpcf7-f261-o1\" lang=\"tr-TR\" dir=\"ltr\" data-wpcf7-id=\"261\">\n<div class=\"screen-reader-response\"><p role=\"status\" aria-live=\"polite\" aria-atomic=\"true\"><\/p> <ul><\/ul><\/div>\n<form action=\"\/index.php?rest_route=%2Fwp%2Fv2%2Fpages%2F259#wpcf7-f261-o1\" method=\"post\" class=\"wpcf7-form init\" aria-label=\"\u0130leti\u015fim Formu\" novalidate=\"novalidate\" data-status=\"init\">\n<fieldset class=\"hidden-fields-container\"><input type=\"hidden\" name=\"_wpcf7\" value=\"261\" \/><input type=\"hidden\" name=\"_wpcf7_version\" value=\"6.1.4\" \/><input type=\"hidden\" name=\"_wpcf7_locale\" value=\"tr_TR\" \/><input type=\"hidden\" name=\"_wpcf7_unit_tag\" value=\"wpcf7-f261-o1\" \/><input type=\"hidden\" name=\"_wpcf7_container_post\" value=\"0\" \/><input type=\"hidden\" name=\"_wpcf7_posted_data_hash\" value=\"\" \/><input type=\"hidden\" name=\"_wpcf7_recaptcha_response\" value=\"\" \/>\n<\/fieldset>\n<p><label> Ad\u0131n\u0131z Soyad\u0131n\u0131z (Gerekli)<br \/>\n<span class=\"wpcf7-form-control-wrap\" data-name=\"your-name\"><input size=\"40\" maxlength=\"400\" class=\"wpcf7-form-control wpcf7-text wpcf7-validates-as-required\" autocomplete=\"name\" aria-required=\"true\" aria-invalid=\"false\" value=\"\" type=\"text\" name=\"your-name\" \/><\/span> <\/label>\n<\/p>\n<p><label> E-posta adresiniz (Gerekli)<br \/>\n<span class=\"wpcf7-form-control-wrap\" data-name=\"your-email\"><input size=\"40\" maxlength=\"400\" class=\"wpcf7-form-control wpcf7-email wpcf7-validates-as-required wpcf7-text wpcf7-validates-as-email\" autocomplete=\"email\" aria-required=\"true\" aria-invalid=\"false\" value=\"\" type=\"email\" name=\"your-email\" \/><\/span> <\/label>\n<\/p>\n<p><label> \u015eirket\/\u0130\u015fletme Ad\u0131<br \/>\n<span class=\"wpcf7-form-control-wrap\" data-name=\"your-subject\"><input size=\"40\" maxlength=\"400\" class=\"wpcf7-form-control wpcf7-text wpcf7-validates-as-required\" aria-required=\"true\" aria-invalid=\"false\" value=\"\" type=\"text\" name=\"your-subject\" \/><\/span> <\/label>\n<\/p>\n<p><label> Telefon (\u0130ste\u011fe ba\u011fl\u0131)<br \/>\n<span class=\"wpcf7-form-control-wrap\" data-name=\"tel-435\"><input size=\"40\" maxlength=\"13\" minlength=\"10\" class=\"wpcf7-form-control wpcf7-tel wpcf7-text wpcf7-validates-as-tel\" aria-invalid=\"false\" value=\"\" type=\"tel\" name=\"tel-435\" \/><\/span><\/label>\n<\/p>\n<p><label>\u0130\u015fletmenizi en iyi tan\u0131mlayan hangisi?<br \/>\n<span class=\"wpcf7-form-control-wrap\" data-name=\"select-622\"><select class=\"wpcf7-form-control wpcf7-select\" aria-invalid=\"false\" name=\"select-622\"><option value=\"Se\u00e7iniz\">Se\u00e7iniz<\/option><option value=\"Parakendeci\/Toptanc\u0131\">Parakendeci\/Toptanc\u0131<\/option><option value=\"Karavan Bayii\">Karavan Bayii<\/option><option value=\"Distrib\u00fct\u00f6r\">Distrib\u00fct\u00f6r<\/option><\/select><\/span><\/label>\n<\/p>\n<p><label> \u0130letiniz (Gerekli)<br \/>\n<span class=\"wpcf7-form-control-wrap\" data-name=\"your-message\"><textarea cols=\"40\" rows=\"10\" maxlength=\"2000\" class=\"wpcf7-form-control wpcf7-textarea wpcf7-validates-as-required\" aria-required=\"true\" aria-invalid=\"false\" name=\"your-message\"><\/textarea><\/span> <\/label><br \/>\n<span class=\"wpcf7-form-control-wrap recaptcha\" data-name=\"recaptcha\"><span data-sitekey=\"6LcikgMrAAAAADWtiCjDzDd5TvnuwLaSWa-CgEQ_\" class=\"wpcf7-form-control wpcf7-recaptcha g-recaptcha\"><\/span>\r\n<noscript>\r\n\t<div class=\"grecaptcha-noscript\">\r\n\t\t<iframe loading=\"lazy\" src=\"https:\/\/www.google.com\/recaptcha\/api\/fallback?k=6LcikgMrAAAAADWtiCjDzDd5TvnuwLaSWa-CgEQ_\" frameborder=\"0\" scrolling=\"no\" width=\"310\" height=\"430\">\r\n\t\t<\/iframe>\r\n\t\t<textarea name=\"g-recaptcha-response\" rows=\"3\" cols=\"40\" placeholder=\"reCaptcha Response Here\">\r\n\t\t<\/textarea>\r\n\t<\/div>\r\n<\/noscript>\r\n<\/span>\n<\/p>\n<p><input class=\"wpcf7-form-control wpcf7-submit has-spinner\" type=\"submit\" value=\"G\u00f6nder\" \/>\n<\/p><p style=\"display: none !important;\" class=\"akismet-fields-container\" data-prefix=\"_wpcf7_ak_\"><label>&#916;<textarea name=\"_wpcf7_ak_hp_textarea\" cols=\"45\" rows=\"8\" maxlength=\"100\"><\/textarea><\/label><input type=\"hidden\" id=\"ak_js_1\" name=\"_wpcf7_ak_js\" value=\"11\"\/><script>document.getElementById( \"ak_js_1\" ).setAttribute( \"value\", ( new Date() ).getTime() );<\/script><\/p><div class=\"wpcf7-response-output\" aria-hidden=\"true\"><\/div>\n<\/form>\n<\/div>\n\n\n\n\n<h2 class=\"wp-block-heading has-text-align-left\"><strong>Toptan Haber B\u00fcltenimize kaydolun<\/strong><\/h2>\n\n\n\n<p>Toptanc\u0131lar\/perakendeciler ve bayilerle ortakl\u0131klar sunuyoruz. Yeni \u00fcr\u00fcn s\u00fcr\u00fcmleri ve toptan indirimler i\u00e7in kaydolun.<\/p>\n\n\n<div class=\"wp-block-image\">\n<figure class=\"aligncenter size-full is-resized\"><a href=\"https:\/\/whatsapp.com\/channel\/0029Vb0LgdOCRs1gJciDk80O\"><img loading=\"lazy\" decoding=\"async\" width=\"900\" height=\"495\" src=\"https:\/\/www.xyrobotic.com\/wp-content\/uploads\/2025\/03\/59788-baska-gazete-nin-whatsapp-kanali-acildi-65268006a20d2.jpg\" alt=\"\" class=\"wp-image-523\" style=\"width:326px;height:auto\" srcset=\"https:\/\/www.xyrobotic.com\/wp-content\/uploads\/2025\/03\/59788-baska-gazete-nin-whatsapp-kanali-acildi-65268006a20d2.jpg 900w, https:\/\/www.xyrobotic.com\/wp-content\/uploads\/2025\/03\/59788-baska-gazete-nin-whatsapp-kanali-acildi-65268006a20d2-300x165.jpg 300w, https:\/\/www.xyrobotic.com\/wp-content\/uploads\/2025\/03\/59788-baska-gazete-nin-whatsapp-kanali-acildi-65268006a20d2-768x422.jpg 768w\" sizes=\"auto, (max-width: 767px) 89vw, (max-width: 1000px) 54vw, (max-width: 1071px) 543px, 580px\" \/><\/a><\/figure>\n<\/div>\n\n\n<p><\/p>\n","protected":false},"excerpt":{"rendered":"<p>Toptan &amp; Bayilik F\u0131rsatlar\u0131 E\u011fer kaliteli karavan aksesuarlar\u0131 sat\u0131c\u0131s\u0131 veya karavan bayisiyseniz, sizden haber almak isteriz!A\u015fa\u011f\u0131daki formu doldurman\u0131z yeterlidir, en k\u0131sa s\u00fcre i\u00e7inde sizinle ileti\u015fime ge\u00e7ilecektir. Bunu resmile\u015ftirelim. Toptan Haber B\u00fcltenimize kaydolun Toptanc\u0131lar\/perakendeciler ve bayilerle ortakl\u0131klar sunuyoruz. Yeni \u00fcr\u00fcn s\u00fcr\u00fcmleri ve toptan indirimler i\u00e7in kaydolun.<\/p>\n","protected":false},"author":1,"featured_media":0,"parent":0,"menu_order":0,"comment_status":"closed","ping_status":"closed","template":"","meta":{"_joinchat":[],"footnotes":""},"class_list":["post-259","page","type-page","status-publish","hentry"],"_links":{"self":[{"href":"https:\/\/www.xyrobotic.com\/index.php?rest_route=\/wp\/v2\/pages\/259","targetHints":{"allow":["GET"]}}],"collection":[{"href":"https:\/\/www.xyrobotic.com\/index.php?rest_route=\/wp\/v2\/pages"}],"about":[{"href":"https:\/\/www.xyrobotic.com\/index.php?rest_route=\/wp\/v2\/types\/page"}],"author":[{"embeddable":true,"href":"https:\/\/www.xyrobotic.com\/index.php?rest_route=\/wp\/v2\/users\/1"}],"replies":[{"embeddable":true,"href":"https:\/\/www.xyrobotic.com\/index.php?rest_route=%2Fwp%2Fv2%2Fcomments&post=259"}],"version-history":[{"count":9,"href":"https:\/\/www.xyrobotic.com\/index.php?rest_route=\/wp\/v2\/pages\/259\/revisions"}],"predecessor-version":[{"id":524,"href":"https:\/\/www.xyrobotic.com\/index.php?rest_route=\/wp\/v2\/pages\/259\/revisions\/524"}],"wp:attachment":[{"href":"https:\/\/www.xyrobotic.com\/index.php?rest_route=%2Fwp%2Fv2%2Fmedia&parent=259"}],"curies":[{"name":"wp","href":"https:\/\/api.w.org\/{rel}","templated":true}]}}