{"id":289,"date":"2025-01-31T11:26:43","date_gmt":"2025-01-31T11:26:43","guid":{"rendered":"https:\/\/www.xyrobotic.com\/?page_id=289"},"modified":"2025-09-11T08:12:57","modified_gmt":"2025-09-11T08:12:57","slug":"xylevel-karavan-kurulum-kilavuzu","status":"publish","type":"page","link":"https:\/\/www.xyrobotic.com\/?page_id=289","title":{"rendered":"XY-Level-CV+MH Kurulum K\u0131lavuzu"},"content":{"rendered":"\n<h4 class=\"wp-block-heading\"><strong>G\u0130R\u0130\u015e<\/strong><\/h4>\n\n\n\n<p>Bu belge, <strong>XYLevel<\/strong>&#8216;in en iyi performans\u0131 sa\u011flamak i\u00e7in \u00fcnitesinin kurulumundan \u00f6nce g\u00f6zden ge\u00e7irilmelidir. Ayr\u0131ca, hangi \u00fcr\u00fcnlerin hangi kurulum t\u00fcr\u00fc i\u00e7in gerekli oldu\u011funu belirlemek i\u00e7in bir k\u0131lavuz olarak kullan\u0131n, \u00f6rn.<\/p>\n\n\n\n<ul class=\"wp-block-list\">\n<li><strong>XYLevel CV veya MH  \u0130\u00e7 Mekan Montaj\u0131,<\/strong>&nbsp;bir XYLevel cihaz\u0131n\u0131 i\u00e7 mekana monte etmek i\u00e7in gerekli kablolama par\u00e7alar\u0131na sahipseniz ve fiberglas veya kompozit bir karavan, bir motorlu karavan veya \u00f6n taraf\u0131nda plastik bir kap\u0131s\u0131 olan t\u00fcnel tipi bir karavana sahipseniz (\u00e7at\u0131ya ters \u015fekilde monte edin) sizin i\u00e7in m\u00fckemmel olur.<\/li>\n\n\n\n<li><strong>XYLevel CV veya MH Harici Montaj\u0131,&nbsp;<\/strong>harici olarak&nbsp;kurulum yap\u0131yorsan\u0131z, gerekli kablolama par\u00e7alar\u0131na sahipseniz ve XYLevel cihaz\u0131n\u0131 A-\u00e7er\u00e7evesine monte etmeniz gerekiyorsa tam size g\u00f6redir. Dahili olarak monte edildi\u011finde Bluetooth sinyalinin \u00e7eken araca ula\u015fmas\u0131n\u0131 engelleyen yo\u011fun metal kapl\u0131 bir karavan\u0131n\u0131z varsa (emin de\u011filseniz test etmek i\u00e7in 9V pil adapt\u00f6r\u00fcn\u00fc kullan\u0131n) veya kablolama veya di\u011fer nedenlerden dolay\u0131 harici olarak monte etmeyi tercih ediyorsan\u0131z XYLevel&#8217;in harici olarak monte edilmesi gerekecektir.<\/li>\n<\/ul>\n\n\n\n<p><strong>XYLevel&#8217;\u0131n Konumland\u0131r\u0131lmas\u0131<\/strong><\/p>\n\n\n\n<p>Bu aktivite, XYLevel&#8217;\u0131n nereye kurulaca\u011f\u0131na karar verirken en \u00f6nemli ad\u0131mlardan biridir.<\/p>\n\n\n\n<p>\u00dcniteyi en uygun konumunuza yerle\u015ftirmek, XYLevel ile telefonunuzdaki veya tabletinizdeki <strong><a href=\"https:\/\/www.xyrobotic.com\/?page_id=97\" data-type=\"page\" data-id=\"97\">RemoteXY<\/a><\/strong> Mobil Uygulama aras\u0131ndaki Bluetooth sinyalinin g\u00fcc\u00fcn\u00fc en \u00fcst d\u00fczeye \u00e7\u0131karacakt\u0131r. Sinyal, XYLevel ile \u00e7ekici ara\u00e7ta bulunan s\u00fcr\u00fcc\u00fc aras\u0131nda veri aktar\u0131m\u0131n\u0131 kolayla\u015ft\u0131racak kadar g\u00fc\u00e7l\u00fc olmal\u0131d\u0131r.<\/p>\n\n\n\n<p>Her Karavan ve \u00e7ekme arac\u0131 kombinasyonu birbirinden farkl\u0131d\u0131r. Karavan\u0131n \u00f6n k\u0131sm\u0131, a\u015fa\u011f\u0131dakiler gibi bir\u00e7ok kaplama t\u00fcr\u00fcyle in\u015fa edilebilir:<\/p>\n\n\n\n<ul class=\"wp-block-list\">\n<li>Al\u00fcminyum damal\u0131 levha<\/li>\n\n\n\n<li>Fiberglas\/k\u00f6p\u00fck\/yap\u0131\u015fkan kompozit<\/li>\n\n\n\n<li>Al\u00fcminyum kompozit<\/li>\n\n\n\n<li>Fiberglas<\/li>\n\n\n\n<li>Ah\u015fap<\/li>\n\n\n\n<li>Di\u011fer<\/li>\n<\/ul>\n\n\n\n<p>Metal genellikle Bluetooth sinyallerini zay\u0131flat\u0131r. Bu nedenle, \u00e7ekici arac\u0131nda oturdu\u011funuzda g\u00fcvenilir bir ba\u011flant\u0131 sa\u011flayan en iyi sinyali sa\u011flayan bir yer bulmak \u00e7ok \u00f6nemlidir. \u00c7ekici ara\u00e7lar\u0131n baz\u0131lar\u0131nda s\u00fcr\u00fc\u015f pozisyonunu engelleyen yo\u011fun metalize alet kutular\u0131 ve ekranlar\u0131 oldu\u011fundan Bluetooth sinyal g\u00fcc\u00fcn\u00fc de etkileyebilir, \u00f6rne\u011fin,<\/p>\n\n\n<div class=\"wp-block-image\">\n<figure class=\"aligncenter size-full\"><img loading=\"lazy\" decoding=\"async\" width=\"478\" height=\"174\" src=\"https:\/\/www.xyrobotic.com\/wp-content\/uploads\/2025\/01\/metal.png\" alt=\"\" class=\"wp-image-292\" srcset=\"https:\/\/www.xyrobotic.com\/wp-content\/uploads\/2025\/01\/metal.png 478w, https:\/\/www.xyrobotic.com\/wp-content\/uploads\/2025\/01\/metal-300x109.png 300w\" sizes=\"auto, (max-width: 478px) 100vw, 478px\" \/><\/figure>\n<\/div>\n\n\n<p>XY Level kurulumu i\u00e7in en iyi yeri belirlemek i\u00e7in a\u015fa\u011f\u0131dakileri g\u00f6z \u00f6n\u00fcnde bulundurun:<\/p>\n\n\n\n<figure class=\"wp-block-gallery has-nested-images columns-default is-cropped wp-block-gallery-1 is-layout-flex wp-block-gallery-is-layout-flex\">\n<figure class=\"wp-block-image size-large\"><img loading=\"lazy\" decoding=\"async\" width=\"1024\" height=\"866\" data-id=\"294\" src=\"https:\/\/www.xyrobotic.com\/wp-content\/uploads\/2025\/01\/MotorHomeTamSet-1024x866.png\" alt=\"\" class=\"wp-image-294\" srcset=\"https:\/\/www.xyrobotic.com\/wp-content\/uploads\/2025\/01\/MotorHomeTamSet-1024x866.png 1024w, https:\/\/www.xyrobotic.com\/wp-content\/uploads\/2025\/01\/MotorHomeTamSet-300x254.png 300w, https:\/\/www.xyrobotic.com\/wp-content\/uploads\/2025\/01\/MotorHomeTamSet-768x650.png 768w, https:\/\/www.xyrobotic.com\/wp-content\/uploads\/2025\/01\/MotorHomeTamSet.png 1182w\" sizes=\"auto, (max-width: 767px) 89vw, (max-width: 1000px) 54vw, (max-width: 1071px) 543px, 580px\" \/><figcaption class=\"wp-element-caption\"><strong><a href=\"https:\/\/www.xyrobotic.com\/?page_id=24\">XY-LEVEL-CV1-IP54<\/a><\/strong><\/figcaption><\/figure>\n\n\n\n<figure class=\"wp-block-image size-large\"><a href=\"https:\/\/www.xyrobotic.com\/?page_id=21\"><img loading=\"lazy\" decoding=\"async\" width=\"340\" height=\"335\" data-id=\"358\" src=\"https:\/\/www.xyrobotic.com\/wp-content\/uploads\/2025\/02\/WhatsApp_Image_2025-02-05_at_14.51.52__2_-removebg-preview-1-1.png\" alt=\"\" class=\"wp-image-358\" srcset=\"https:\/\/www.xyrobotic.com\/wp-content\/uploads\/2025\/02\/WhatsApp_Image_2025-02-05_at_14.51.52__2_-removebg-preview-1-1.png 340w, https:\/\/www.xyrobotic.com\/wp-content\/uploads\/2025\/02\/WhatsApp_Image_2025-02-05_at_14.51.52__2_-removebg-preview-1-1-300x296.png 300w, https:\/\/www.xyrobotic.com\/wp-content\/uploads\/2025\/02\/WhatsApp_Image_2025-02-05_at_14.51.52__2_-removebg-preview-1-1-100x100.png 100w\" sizes=\"auto, (max-width: 340px) 100vw, 340px\" \/><\/a><figcaption class=\"wp-element-caption\"><strong><a href=\"https:\/\/www.xyrobotic.com\/?page_id=21\">XY-LEVEL-CV1-IP67<\/a><\/strong><\/figcaption><\/figure>\n<\/figure>\n\n\n\n<ul class=\"wp-block-list\">\n<li>\u00d6ncelikle kutudan \u00e7\u0131kan XY Level ve 9V pil kablosunu kullan\u0131n.<\/li>\n<\/ul>\n\n\n\n<ul class=\"wp-block-list\">\n<li>Kullan\u0131lmam\u0131\u015f yeni bir 9V pil edinin. Pilin ya yeni olmas\u0131 ya da (test edildiyse) 9,3 ila 9,6 voltluk bo\u015f terminal voltaj\u0131na sahip olmas\u0131 gerekir.<\/li>\n\n\n\n<li>9V pili XY Level \u00fcnitesine ba\u011flay\u0131n ve telefonunuza veya tabletinize indirdi\u011finiz <strong><a href=\"https:\/\/www.xyrobotic.com\/?page_id=97\" data-type=\"page\" data-id=\"97\">RemoteXY<\/a><\/strong> Uygulamas\u0131n\u0131 kullanarak bir Bluetooth ba\u011flant\u0131s\u0131 kurun. <strong><a href=\"https:\/\/www.xyrobotic.com\/?page_id=97\" data-type=\"page\" data-id=\"97\">RemoteXY<\/a><\/strong> uygulamas\u0131n\u0131 ilk kez \u00e7al\u0131\u015ft\u0131rd\u0131\u011f\u0131n\u0131zda, baz\u0131 ayarlamalar yapman\u0131z istenecektir. <strong><a href=\"https:\/\/www.xyrobotic.com\/?page_id=102\" data-type=\"page\" data-id=\"102\">Bluetooth BLE Ba\u011flant\u0131s\u0131<\/a><\/strong> istedi\u011finiz zaman sitemizden eri\u015filebilirsiniz.<\/li>\n\n\n\n<li>XY Level&#8217;\u0131 \u00e7e\u015fitli konumlara yerle\u015ftirin ve Bluetooth sinyalini \u00e7ekece\u011fini d\u00fc\u015f\u00fcnd\u00fc\u011f\u00fcn\u00fcz arac\u0131n s\u00fcr\u00fcc\u00fc koltu\u011fundan test edin.<\/li>\n\n\n\n<li>Olas\u0131 lokasyonlar \u015funlar olabilir:\n<ul class=\"wp-block-list\">\n<li>Karavan\u0131n i\u00e7indeki, ana karavan yap\u0131s\u0131na s\u0131k\u0131ca &#8216;ba\u011fl\u0131&#8217; veya onun bir par\u00e7as\u0131 olan dolaplar. Burada, XY Level&#8217;in esnek bir y\u00fczeye monte edilmesi durumunda s\u0131cakl\u0131k ve karavan hareketiyle b\u00fck\u00fclece\u011fini unutmay\u0131n; bu hareket, XY Level&#8217;dan gelen e\u011fim raporlamas\u0131n\u0131 anlams\u0131z hale getirecektir.<\/li>\n\n\n\n<li>Uygun d\u0131\u015f kaplamaya (Fiberglas veya Kompozite) sahip baz\u0131 karavanlar\u0131n kasas\u0131n\u0131n alt\u0131nda kuvvetli sinyal ve elektri\u011fe kolay eri\u015fim sa\u011flayabilecek ak\u00fcler bulunur.<\/li>\n\n\n\n<li>Plastik kap\u0131l\u0131 alanlar genellikle sinyali engellemez. Xy Level&#8217;\u0131 \u00fczendeki ok y\u00f6n\u00fcne dikkat ederek, kap\u0131n\u0131n ortas\u0131ndaki a\u00e7\u0131kl\u0131\u011fa yerle\u015ftirin. L\u00fctfen i\u00e7 kaplamaya dikkat edin &#8211; esnek y\u00fczeyler e\u011fim raporlamas\u0131nda hatalara neden olur.<\/li>\n\n\n\n<li>XY Level&#8217;\u0131 dahili olarak konumland\u0131rma giri\u015fimlerinin hepsi ba\u015far\u0131s\u0131z olursa, A-\u00e7er\u00e7evesi \u00fczerinde harici bir kurulum d\u00fc\u015f\u00fcn\u00fcn. Bu, son se\u00e7ene\u011finiz olmal\u0131, \u00e7\u00fcnk\u00fc dahili uygun bir konum bulursan\u0131z, t\u00fcm harici \u00e7evresel tehlikelerden korumu\u015f olursunuz. Bunu s\u00f6yledikten sonra, ba\u015fka nedenlerle harici kuruluma gitmeye karar verebilirsiniz.<\/li>\n<\/ul>\n<\/li>\n\n\n\n<li>Bir konum belirlendikten sonra XY Level&#8217;\u0131 9V pilden ay\u0131r\u0131n. XY Level, s\u00fcrekli 7 \u2013 30V sa\u011flayabilen bir g\u00fc\u00e7 kayna\u011f\u0131 gerektirir, bu nedenle l\u00fctfen \u00fcniteyi karavan ak\u00fcs\u00fcn\u00fcn 12V&#8217;una sabitleyin. Sadece ~50mA kullan\u0131r, bu nedenle karavan ak\u00fcs\u00fcne s\u00fcrekli olarak ba\u011fl\u0131 olmas\u0131 g\u00fcvenlidir.&nbsp;<br><strong>Not: \u00dcniteyi karavan ak\u00fcs\u00fcn\u00fcn 12V&#8217;una sabitleyin, \u00fcniteyi XY Level&#8217;in belirlenen konumunun yak\u0131n\u0131ndaki herhangi bir mevcut g\u00fc\u00e7 hatt\u0131na ba\u011flayarak yap\u0131labilir, buna \u00f6rnek olarak ayd\u0131nlatma armat\u00fcr\u00fcne (dahili kurulum i\u00e7in) veya bir anahtar hatt\u0131na (harici kurulum i\u00e7in) giden bir kablo verilebilir.<\/strong><\/li>\n<\/ul>\n\n\n\n<h4 class=\"wp-block-heading\"><strong>Kurulum T\u00fcrleri<\/strong><\/h4>\n\n\n\n<p>\u00d6nceki b\u00f6l\u00fcmden g\u00f6rebilece\u011finiz gibi 2 temel kurulum t\u00fcr\u00fc vard\u0131r:<\/p>\n\n\n\n<ul class=\"wp-block-list\">\n<li>Dahili XY Level Kurulumu<\/li>\n\n\n\n<li>D\u0131\u015f Mekan XY Level Kurulumu<\/li>\n<\/ul>\n\n\n\n<p><strong>Her kurulumun sonunda RemoteXY uygulamas\u0131 ile XY Level aras\u0131nda bir Bluetooth ba\u011flant\u0131s\u0131 kurarak \u00e7\u00f6z\u00fcm\u00fc test etti\u011finizden emin olun.<\/strong><\/p>\n\n\n\n<p><strong>XY Level&#8217;\u0131n Kablolamas\u0131<\/strong><\/p>\n\n\n\n<p>Piyasada \u00e7ok say\u0131da konnekt\u00f6r \u00e7e\u015fidi bulunmaktad\u0131r ve en uygun olanlar\u0131 se\u00e7mek montajc\u0131n\u0131n sorumlulu\u011fundad\u0131r.<\/p>\n\n\n\n<p>XY Level&#8217;\u0131n karavan\u0131n i\u00e7inde dahili olarak veya A-\u00e7er\u00e7evesinin d\u0131\u015f\u0131nda harici olarak konumland\u0131r\u0131lmas\u0131ndan ba\u011f\u0131ms\u0131z olarak, XY Level cihaz \u00fczerindeki ok \u00f6n tarafa bakacak \u015fekilde konumland\u0131r\u0131lmas\u0131 gerekti\u011fini unutmay\u0131n&#8230;<\/p>\n\n\n\n<p><strong>Dahili XY Level Kurulumu<\/strong><\/p>\n\n\n\n<p>XY Level&#8217;\u0131 dahili olarak sabitlerken, \u00fczerine monte edildi\u011fi y\u00fczeyin sa\u011flam\/rijit oldu\u011fundan, yani s\u0131cakl\u0131k ve ara\u00e7 hareketiyle deforme olmayaca\u011f\u0131ndan\/dalgalanmayaca\u011f\u0131ndan emin olun; XY Level o kadar hassast\u0131r ki, \u00fcnitenin monte edildi\u011fi platformun herhangi bir b\u00fck\u00fclmesi g\u00f6r\u00fcnt\u00fclenen seviyeyi etkileyecektir.<\/p>\n\n\n\n<p><strong>D\u0131\u015f Mekan XY Level Kurulumu<\/strong><\/p>\n\n\n\n<p>XY Level&#8217;\u0131 harici olarak sabitlerken, \u00fczerine monte edildi\u011fi y\u00fczeyin sa\u011flam\/rijit oldu\u011fundan, yani s\u0131cakl\u0131k ve ara\u00e7 hareketiyle deforme olmayaca\u011f\u0131ndan\/dalgalanmayaca\u011f\u0131ndan emin olun; XY Level o kadar hassast\u0131r ki, \u00fcnitenin monte edildi\u011fi platformun herhangi bir b\u00fck\u00fclmesi g\u00f6r\u00fcnt\u00fclenen seviyeyi etkileyecektir. D\u0131\u015f ve i\u00e7 mekan i\u00e7in farkl\u0131 \u00fcretilmez standart IP67 kutu ile g\u00f6nderilir.<\/p>\n\n\n\n<h4 class=\"wp-block-heading\"><strong>S\u0131f\u0131r Kalibrasyon<\/strong><\/h4>\n\n\n\n<p>XY Level&#8217;\u0131n s\u0131f\u0131r kalibrasyonu, karavan sahibi taraf\u0131ndan yap\u0131lmas\u0131 gereken son bir aktivitedir. Kurulum s\u00fcrecinin bir par\u00e7as\u0131 olmak zorunda de\u011fildir ancak XY Level kurulumunu tamamlamak i\u00e7in gereklidir. S\u0131f\u0131r kalibrasyon, esasen XY Level&#8217;da tercih etti\u011finiz karavan seviyesini yakalayan ve kaydeden bir aktivitedir, b\u00f6ylece karavan\u0131n\u0131z\u0131 nerede seviyelendirirseniz seviyeyi XY Level&#8217;da kaydedilen seviyeye, yani ideal seviyenize s\u00fcrekli olarak ula\u015f\u0131rs\u0131n\u0131z.<\/p>\n\n\n\n<ul class=\"wp-block-list\">\n<li>XY Level \u00fcnitesini s\u0131f\u0131rlamadan \u00f6nce, elinizdeki herhangi bir ara\u00e7la, \u00f6rne\u011fin su terazisi ile karavan\u0131n\u0131z\u0131 d\u00fczle\u015ftirin. Bunu yaparken, yata\u011f\u0131n, buzdolab\u0131n\u0131n, du\u015ftaki su giderinin vb. e\u011fimini g\u00f6z \u00f6n\u00fcnde bulundurmak isteyebilirsiniz.<\/li>\n\n\n\n<li>RemoteXY uygulamas\u0131 ile XY Level aras\u0131nda bir Bluetooth ba\u011flant\u0131s\u0131 kurun.<\/li>\n\n\n\n<li>&#8216;Ayarlar&#8217;a gidin ve pencerenin \u00fcst k\u0131sm\u0131ndaki &#8216;Cihaz S\u0131f\u0131r Ayar\u0131&#8217; butonunda &#8216;HAZIR&#8217; yaz\u0131yor ise t\u0131klay\u0131n &#8216;B\u0130TT\u0130&#8217; yaz\u0131yorsa cihaz\u0131n enerjisini kesip tekrar verin.<\/li>\n\n\n\n<li>Devam etmek istedi\u011finizden emin olup olmad\u0131\u011f\u0131n\u0131z\u0131 soran bir mesaj alacaks\u0131n\u0131z. Bu, &#8216;Cihaz S\u0131f\u0131r Ayar\u0131&#8217; d\u00fc\u011fmesine yanl\u0131\u015fl\u0131kla bas\u0131lmas\u0131 durumunda ge\u00e7erlidir.<\/li>\n\n\n\n<li>S\u0131f\u0131r kalibrasyonu s\u0131ras\u0131nda &#8216;Evet&#8217;i, yanl\u0131\u015fl\u0131kla d\u00fc\u011fmeye bas\u0131lmas\u0131 durumunda ise &#8216;Hay\u0131r&#8217;\u0131 se\u00e7in.<\/li>\n\n\n\n<li>&#8216;Cihaz S\u0131f\u0131r Ayar\u0131&#8217; d\u00fc\u011fmesine bas\u0131ld\u0131\u011f\u0131nda &#8216;KAL\u0130BRASYON&#8217; yaz\u0131s\u0131 yan\u0131p s\u00f6nmeye ba\u015flar ve i\u015flem sonunda &#8216;B\u0130TT\u0130&#8217; yazar. Bu s\u00fcrede hi\u00e7 bir fiziki m\u00fcdahalenin olmamas\u0131 gereklidir. (\u015eiddetli esen r\u00fczgar bile)<\/li>\n\n\n\n<li>T\u00fcm Roll ve Pitch rakamlar\u0131n\u0131n &#8216;0&#8217;a s\u0131f\u0131rland\u0131\u011f\u0131n\u0131 fark edeceksiniz. Bu, XY Level&#8217;nin sizi bundan sonra her zaman getirece\u011fi referans\/tercih edilen seviyenizdir.<\/li>\n\n\n\n<li>Cihaz\u0131n son kalibrasyon de\u011ferlerini kaydetmesi i\u00e7in enerji kesilip tekrar geri ba\u011flanmal\u0131d\u0131r.<\/li>\n\n\n\n<li>XY Level kurulumu art\u0131k tamamland\u0131.<\/li>\n<\/ul>\n","protected":false},"excerpt":{"rendered":"<p>G\u0130R\u0130\u015e Bu belge, XYLevel&#8216;in en iyi performans\u0131 sa\u011flamak i\u00e7in \u00fcnitesinin kurulumundan \u00f6nce g\u00f6zden ge\u00e7irilmelidir. Ayr\u0131ca, hangi \u00fcr\u00fcnlerin hangi kurulum t\u00fcr\u00fc i\u00e7in gerekli oldu\u011funu belirlemek i\u00e7in bir k\u0131lavuz olarak kullan\u0131n, \u00f6rn. XYLevel&#8217;\u0131n Konumland\u0131r\u0131lmas\u0131 Bu aktivite, XYLevel&#8217;\u0131n nereye kurulaca\u011f\u0131na karar verirken en \u00f6nemli ad\u0131mlardan biridir. \u00dcniteyi en uygun konumunuza yerle\u015ftirmek, XYLevel ile telefonunuzdaki veya tabletinizdeki RemoteXY Mobil &hellip; <\/p>\n<p class=\"link-more\"><a href=\"https:\/\/www.xyrobotic.com\/?page_id=289\" class=\"more-link\">Okumaya devam et<span class=\"screen-reader-text\"> &#8220;XY-Level-CV+MH Kurulum K\u0131lavuzu&#8221;<\/span><\/a><\/p>\n","protected":false},"author":1,"featured_media":0,"parent":0,"menu_order":0,"comment_status":"closed","ping_status":"closed","template":"","meta":{"_joinchat":[],"footnotes":""},"class_list":["post-289","page","type-page","status-publish","hentry"],"_links":{"self":[{"href":"https:\/\/www.xyrobotic.com\/index.php?rest_route=\/wp\/v2\/pages\/289","targetHints":{"allow":["GET"]}}],"collection":[{"href":"https:\/\/www.xyrobotic.com\/index.php?rest_route=\/wp\/v2\/pages"}],"about":[{"href":"https:\/\/www.xyrobotic.com\/index.php?rest_route=\/wp\/v2\/types\/page"}],"author":[{"embeddable":true,"href":"https:\/\/www.xyrobotic.com\/index.php?rest_route=\/wp\/v2\/users\/1"}],"replies":[{"embeddable":true,"href":"https:\/\/www.xyrobotic.com\/index.php?rest_route=%2Fwp%2Fv2%2Fcomments&post=289"}],"version-history":[{"count":15,"href":"https:\/\/www.xyrobotic.com\/index.php?rest_route=\/wp\/v2\/pages\/289\/revisions"}],"predecessor-version":[{"id":632,"href":"https:\/\/www.xyrobotic.com\/index.php?rest_route=\/wp\/v2\/pages\/289\/revisions\/632"}],"wp:attachment":[{"href":"https:\/\/www.xyrobotic.com\/index.php?rest_route=%2Fwp%2Fv2%2Fmedia&parent=289"}],"curies":[{"name":"wp","href":"https:\/\/api.w.org\/{rel}","templated":true}]}}