{"id":325,"date":"2025-02-03T14:08:32","date_gmt":"2025-02-03T14:08:32","guid":{"rendered":"https:\/\/www.xyrobotic.com\/?page_id=325"},"modified":"2025-10-01T11:37:12","modified_gmt":"2025-10-01T11:37:12","slug":"xy-flow-kurulum-kilavuzu","status":"publish","type":"page","link":"https:\/\/www.xyrobotic.com\/?page_id=325","title":{"rendered":"XY-Level-F+R+L Kurulum K\u0131lavuzu"},"content":{"rendered":"\n<h4 class=\"wp-block-heading\"><strong>G\u0130R\u0130\u015e<\/strong><\/h4>\n\n\n\n<p class=\"has-text-align-left\">Bu belge,&nbsp;<strong>XYLEVEL<\/strong>\u2018in en iyi performans\u0131 sa\u011flamak i\u00e7in \u00fcnitesinin kurulumundan \u00f6nce g\u00f6zden ge\u00e7irilmelidir. Ayr\u0131ca, hangi \u00fcr\u00fcnlerin hangi kurulum t\u00fcr\u00fc i\u00e7in gerekli oldu\u011funu belirlemek i\u00e7in bir k\u0131lavuz olarak kullan\u0131n, <\/p>\n\n\n\n<p><strong>Bu kurulum k\u0131lavuzunun destekledi\u011fi modeller;<\/strong><\/p>\n\n\n\n<p><strong>XY-LEVEL-<\/strong>(R3), (F1+R2), (R2+L1) ve (F1+R1+L1)<\/p>\n\n\n\n<div class=\"wp-block-media-text is-stacked-on-mobile is-vertically-aligned-top\" style=\"grid-template-columns:23% auto\"><figure class=\"wp-block-media-text__media\"><img loading=\"lazy\" decoding=\"async\" width=\"1024\" height=\"710\" src=\"http:\/\/www.xyrobotic.com\/wp-content\/uploads\/2025\/08\/Yeni_XY_LEVEL_TASARIM.png\" alt=\"\" class=\"wp-image-565 size-full\" srcset=\"https:\/\/www.xyrobotic.com\/wp-content\/uploads\/2025\/08\/Yeni_XY_LEVEL_TASARIM.png 1024w, https:\/\/www.xyrobotic.com\/wp-content\/uploads\/2025\/08\/Yeni_XY_LEVEL_TASARIM-300x208.png 300w, https:\/\/www.xyrobotic.com\/wp-content\/uploads\/2025\/08\/Yeni_XY_LEVEL_TASARIM-768x533.png 768w\" sizes=\"auto, (max-width: 767px) 89vw, (max-width: 1000px) 54vw, (max-width: 1071px) 543px, 580px\" \/><\/figure><div class=\"wp-block-media-text__content\">\n<p><strong>XY-Level Montaj\u0131;<\/strong> <\/p>\n\n\n\n<p><strong style=\"font-size: revert;\">XY-LEVEL <\/strong><span style=\"font-size: revert;\">g\u00f6sterge yerini se\u00e7erken<\/span>, montaj yerinin arkas\u0131n da  yeterli \u00e7al\u0131\u015fma alan\u0131 olup olmad\u0131\u011f\u0131n\u0131 ve kablo geli\u015f yerlerinin do\u011frulu\u011funu kontrol edin.<\/p>\n\n\n\n<p><strong style=\"font-size: revert;\">XY-LEVEL <\/strong><span style=\"font-size: revert;\">g\u00f6sterge i\u00e7in 46&#215;46 mm \u00f6l\u00e7\u00fcs\u00fcnde kesilmesi gereken \u00e7izgileri i\u015faretleyin.<\/span> <span style=\"font-size: revert;\">\u0130\u015faretli alan\u0131 uygun kesici kullanarak dikkatlice kesin<\/span> ve <span style=\"font-size: revert;\">montaj\u0131 i\u00e7in, verilen aparatlar\u0131n\u0131 kullanarak montaj\u0131 tamamlay\u0131n<\/span>.<\/p>\n\n\n\n<figure class=\"wp-block-gallery has-nested-images columns-default is-cropped wp-block-gallery-1 is-layout-flex wp-block-gallery-is-layout-flex\">\n<figure class=\"wp-block-image size-large\"><img loading=\"lazy\" decoding=\"async\" width=\"560\" height=\"396\" data-id=\"635\" src=\"https:\/\/www.xyrobotic.com\/wp-content\/uploads\/2025\/09\/xy_level_r3_kutu-1.png\" alt=\"\" class=\"wp-image-635\" srcset=\"https:\/\/www.xyrobotic.com\/wp-content\/uploads\/2025\/09\/xy_level_r3_kutu-1.png 560w, https:\/\/www.xyrobotic.com\/wp-content\/uploads\/2025\/09\/xy_level_r3_kutu-1-300x212.png 300w\" sizes=\"auto, (max-width: 560px) 100vw, 560px\" \/><\/figure>\n<\/figure>\n\n\n\n<p>G\u00f6sterge arkas\u0131ndaki klemens numaralar\u0131na ve elektrik plan\u0131na uygun \u015fekilde ba\u011flamaya \u00f6zen g\u00f6sterilmelidir.<\/p>\n\n\n\n<figure class=\"wp-block-gallery has-nested-images columns-default is-cropped wp-block-gallery-2 is-layout-flex wp-block-gallery-is-layout-flex\">\n<figure class=\"wp-block-image size-full\"><img loading=\"lazy\" decoding=\"async\" width=\"560\" height=\"396\" data-id=\"643\" src=\"https:\/\/www.xyrobotic.com\/wp-content\/uploads\/2025\/10\/xy_level_r3_elk-2.png\" alt=\"\" class=\"wp-image-643\" srcset=\"https:\/\/www.xyrobotic.com\/wp-content\/uploads\/2025\/10\/xy_level_r3_elk-2.png 560w, https:\/\/www.xyrobotic.com\/wp-content\/uploads\/2025\/10\/xy_level_r3_elk-2-300x212.png 300w\" sizes=\"auto, (max-width: 560px) 100vw, 560px\" \/><\/figure>\n<\/figure>\n<\/div><\/div>\n\n\n\n<p><strong>G\u00fc\u00e7 kablosu se\u00e7imi ve ba\u011flant\u0131<\/strong>;<\/p>\n\n\n\n<p>Maksimum s\u0131cakl\u0131kta yal\u0131t\u0131m i\u00e7in minimum g\u00fc\u00e7 kablosu kesit gereksinimi: 70 \u00b0C (160 \u00b0F). Maksimum 1 amper i\u00e7in minimum 0,75 mm\u00b2 kablo yeterli olacakt\u0131r. Beraberinde g\u00f6nderilen sigorta yuvas\u0131 elektrik plan\u0131na uygun bir \u015fekilde ba\u011flanmal\u0131d\u0131r.<\/p>\n\n\n\n<p>G\u00fc\u00e7 ba\u011flant\u0131s\u0131 i\u00e7in (10-30VDC) k\u0131rm\u0131z\u0131 (<strong>+<\/strong>) \/ siyah (<strong>&#8211;<\/strong>) kablo ile ba\u011flanmas\u0131 tavsiye edilir.<\/p>\n\n\n\n<p><strong>Veri kablosu<\/strong>;<\/p>\n\n\n\n<p>Sens\u00f6r veri kablolar\u0131 kaliteli ve cihaz ile olan mesafeye g\u00f6re \u00e7ap\u0131 uygun se\u00e7ilmelidir. Kalitesiz ve ince kablo kullan\u0131lmas\u0131 laboratuvar ortam\u0131nda firmam\u0131z taraf\u0131ndan yap\u0131lan kalibrasyonu ge\u00e7ersiz k\u0131lar.<\/p>\n\n\n\n<p><strong>Temel kurulum (\u0130zleme Sistemi)<\/strong>;<\/p>\n\n\n\n<p>\u00d6ncelik ile telefon veya tabletinizin i\u015fletim sisteminize uygun&nbsp;<a href=\"https:\/\/www.xyrobotic.com\/?page_id=31\"><strong>RemoteXY<\/strong><\/a>&nbsp;mobil uygulamas\u0131n\u0131 y\u00fckleyiniz. Uygulama 20 sn s\u0131n\u0131rs\u0131z kullan\u0131m ayarlar ve anl\u0131k g\u00f6r\u00fcnt\u00fcleme&nbsp; i\u00e7in yeterlidir, Pro kullan\u0131m tercih ederseniz uygulama i\u00e7i sat\u0131n alma mevcuttur.<\/p>\n\n\n\n<div class=\"wp-block-group\"><div class=\"wp-block-group__inner-container is-layout-constrained wp-block-group-is-layout-constrained\">\n<div class=\"wp-block-columns is-layout-flex wp-container-core-columns-is-layout-9d6595d7 wp-block-columns-is-layout-flex\">\n<div class=\"wp-block-column is-vertically-aligned-center is-layout-flow wp-block-column-is-layout-flow\" style=\"flex-basis:100%\">\n<figure class=\"wp-block-image size-full is-resized\"><img loading=\"lazy\" decoding=\"async\" width=\"211\" height=\"343\" src=\"https:\/\/www.xyrobotic.com\/wp-content\/uploads\/2025\/09\/Google_app.png\" alt=\"\" class=\"wp-image-609\" style=\"width:128px;height:auto\" srcset=\"https:\/\/www.xyrobotic.com\/wp-content\/uploads\/2025\/09\/Google_app.png 211w, https:\/\/www.xyrobotic.com\/wp-content\/uploads\/2025\/09\/Google_app-185x300.png 185w\" sizes=\"auto, (max-width: 211px) 100vw, 211px\" \/><\/figure>\n<\/div>\n\n\n\n<div class=\"wp-block-column is-vertically-aligned-center is-layout-flow wp-block-column-is-layout-flow\" style=\"flex-basis:100%\">\n<figure class=\"wp-block-image size-full is-resized\"><img loading=\"lazy\" decoding=\"async\" width=\"211\" height=\"346\" src=\"https:\/\/www.xyrobotic.com\/wp-content\/uploads\/2025\/09\/App_Store-1.png\" alt=\"\" class=\"wp-image-611\" style=\"width:126px;height:auto\" srcset=\"https:\/\/www.xyrobotic.com\/wp-content\/uploads\/2025\/09\/App_Store-1.png 211w, https:\/\/www.xyrobotic.com\/wp-content\/uploads\/2025\/09\/App_Store-1-183x300.png 183w\" sizes=\"auto, (max-width: 211px) 100vw, 211px\" \/><\/figure>\n<\/div>\n<\/div>\n<\/div><\/div>\n\n\n\n<p>Tabletinizin veya telefonunuzun i\u015fletim sistemine uygun uygulamay\u0131 indiriniz.<\/p>\n\n\n\n<p>Uygulamay\u0131 ba\u015flat\u0131n ve \u00fcst gezinme \u00e7ubu\u011fundaki&nbsp;<strong>+<\/strong>&nbsp;(Art\u0131) d\u00fc\u011fmesine t\u0131klay\u0131n. A\u00e7\u0131lan pencerede Bluetooth BLE ba\u011flant\u0131s\u0131n\u0131 se\u00e7in.<\/p>\n\n\n\n<p><strong>\u00d6nemli Not: Sonraki ad\u0131ma ge\u00e7ilmeden \u00f6nce<\/strong><strong> XY-LEVEL cihaz\u0131n\u0131n enerjisinin oldu\u011fundan emin olun.<\/strong><\/p>\n\n\n\n<figure class=\"wp-block-gallery has-nested-images columns-default is-cropped wp-block-gallery-3 is-layout-flex wp-block-gallery-is-layout-flex\">\n<figure class=\"wp-block-image size-large\"><img loading=\"lazy\" decoding=\"async\" width=\"254\" height=\"395\" data-id=\"612\" src=\"https:\/\/www.xyrobotic.com\/wp-content\/uploads\/2025\/09\/arti.png\" alt=\"\" class=\"wp-image-612\" srcset=\"https:\/\/www.xyrobotic.com\/wp-content\/uploads\/2025\/09\/arti.png 254w, https:\/\/www.xyrobotic.com\/wp-content\/uploads\/2025\/09\/arti-193x300.png 193w\" sizes=\"auto, (max-width: 254px) 100vw, 254px\" \/><\/figure>\n\n\n\n<figure class=\"wp-block-image size-large\"><img loading=\"lazy\" decoding=\"async\" width=\"243\" height=\"382\" data-id=\"613\" src=\"https:\/\/www.xyrobotic.com\/wp-content\/uploads\/2025\/09\/secim.png\" alt=\"\" class=\"wp-image-613\" srcset=\"https:\/\/www.xyrobotic.com\/wp-content\/uploads\/2025\/09\/secim.png 243w, https:\/\/www.xyrobotic.com\/wp-content\/uploads\/2025\/09\/secim-191x300.png 191w\" sizes=\"auto, (max-width: 243px) 100vw, 243px\" \/><\/figure>\n\n\n\n<figure class=\"wp-block-image size-large\"><img loading=\"lazy\" decoding=\"async\" width=\"245\" height=\"396\" data-id=\"614\" src=\"https:\/\/www.xyrobotic.com\/wp-content\/uploads\/2025\/09\/ble.png\" alt=\"\" class=\"wp-image-614\" srcset=\"https:\/\/www.xyrobotic.com\/wp-content\/uploads\/2025\/09\/ble.png 245w, https:\/\/www.xyrobotic.com\/wp-content\/uploads\/2025\/09\/ble-186x300.png 186w\" sizes=\"auto, (max-width: 245px) 100vw, 245px\" \/><\/figure>\n<\/figure>\n\n\n\n<p>Telefonunuzda Bluetooth devre d\u0131\u015f\u0131ysa a\u00e7\u0131n. Kullan\u0131labilir cihazlar\u0131n listesini aramaya ba\u015flamak i\u00e7in \u00fcst gezinme \u00e7ubu\u011fundaki yenileme d\u00fc\u011fmesine t\u0131klay\u0131n. XYLEVELR3*** ad\u0131yla listede g\u00f6r\u00fcnmelidir. T\u0131klay\u0131n ve size \u015fifre soracakt\u0131r, ****** (\u015eifre \u00fcr\u00fcn\u00fcn enerjisi her verildi\u011finde 10sn tekrar ekranda g\u00f6r\u00fcnecektir) \u015fifre girildikten sonra \u201cSave password\u201d kutucu\u011funu se\u00e7in ki, daha sonraki giri\u015flerinizde tekrar \u015fifre sormas\u0131n.<\/p>\n\n\n\n<figure class=\"wp-block-gallery has-nested-images columns-default is-cropped wp-block-gallery-4 is-layout-flex wp-block-gallery-is-layout-flex\">\n<figure class=\"wp-block-image size-large\"><img loading=\"lazy\" decoding=\"async\" width=\"252\" height=\"410\" data-id=\"615\" src=\"https:\/\/www.xyrobotic.com\/wp-content\/uploads\/2025\/09\/urun_sec.png\" alt=\"\" class=\"wp-image-615\" srcset=\"https:\/\/www.xyrobotic.com\/wp-content\/uploads\/2025\/09\/urun_sec.png 252w, https:\/\/www.xyrobotic.com\/wp-content\/uploads\/2025\/09\/urun_sec-184x300.png 184w\" sizes=\"auto, (max-width: 252px) 100vw, 252px\" \/><\/figure>\n\n\n\n<figure class=\"wp-block-image size-large\"><img loading=\"lazy\" decoding=\"async\" width=\"261\" height=\"415\" data-id=\"616\" src=\"https:\/\/www.xyrobotic.com\/wp-content\/uploads\/2025\/09\/bos_pasword.jpg\" alt=\"\" class=\"wp-image-616\" srcset=\"https:\/\/www.xyrobotic.com\/wp-content\/uploads\/2025\/09\/bos_pasword.jpg 261w, https:\/\/www.xyrobotic.com\/wp-content\/uploads\/2025\/09\/bos_pasword-189x300.jpg 189w\" sizes=\"auto, (max-width: 261px) 100vw, 261px\" \/><\/figure>\n\n\n\n<figure class=\"wp-block-image size-large\"><img loading=\"lazy\" decoding=\"async\" width=\"256\" height=\"409\" data-id=\"617\" src=\"https:\/\/www.xyrobotic.com\/wp-content\/uploads\/2025\/09\/dolu_pasword.jpg\" alt=\"\" class=\"wp-image-617\" srcset=\"https:\/\/www.xyrobotic.com\/wp-content\/uploads\/2025\/09\/dolu_pasword.jpg 256w, https:\/\/www.xyrobotic.com\/wp-content\/uploads\/2025\/09\/dolu_pasword-188x300.jpg 188w\" sizes=\"auto, (max-width: 256px) 100vw, 256px\" \/><\/figure>\n<\/figure>\n\n\n\n<p>Her \u015feyi do\u011fru yapt\u0131ysan\u0131z, \u00fcr\u00fcn\u00fcn\u00fcze \u00f6zg\u00fc tasarlanm\u0131\u015f grafiksel bir aray\u00fcz sizi kar\u015f\u0131layacakt\u0131r ve uygulama i\u00e7erisine kolay ula\u015f\u0131m k\u0131sa yol tu\u015fu ekleyecektir. K\u0131sa yol tu\u015funu kendinize g\u00f6re ki\u015file\u015ftirebilirsiniz. Renk, \u015fekil ve isim gibi\u2026 Bunun i\u00e7in \u00fczerine bas\u0131l\u0131 tutman\u0131z yeterli olacakt\u0131r.<\/p>\n\n\n\n<p><strong>Uygulama ile \u00fcr\u00fcn ba\u011flant\u0131s\u0131n\u0131n kolay yolu QR kodu (Yeni)<\/strong>;<\/p>\n\n\n\n<p>Uygulamadan h\u0131zl\u0131 bir \u015fekilde ba\u011flanmak i\u00e7in bu QR kodunu kullan\u0131n. Manuel ayarlar\u0131 kullanarak QR kodu olmadan da ba\u011flanabilirsiniz.<\/p>\n\n\n\n<p>QR kodunuz cihaz \u00fczerindeki etikettedir.<\/p>\n\n\n\n<figure class=\"wp-block-gallery has-nested-images columns-default is-cropped wp-block-gallery-5 is-layout-flex wp-block-gallery-is-layout-flex\">\n<figure class=\"wp-block-image size-large\"><img loading=\"lazy\" decoding=\"async\" width=\"252\" height=\"426\" data-id=\"619\" src=\"https:\/\/www.xyrobotic.com\/wp-content\/uploads\/2025\/09\/qr_ekle.png\" alt=\"\" class=\"wp-image-619\" srcset=\"https:\/\/www.xyrobotic.com\/wp-content\/uploads\/2025\/09\/qr_ekle.png 252w, https:\/\/www.xyrobotic.com\/wp-content\/uploads\/2025\/09\/qr_ekle-177x300.png 177w\" sizes=\"auto, (max-width: 252px) 100vw, 252px\" \/><\/figure>\n\n\n\n<figure class=\"wp-block-image size-large\"><img loading=\"lazy\" decoding=\"async\" width=\"245\" height=\"426\" data-id=\"620\" src=\"https:\/\/www.xyrobotic.com\/wp-content\/uploads\/2025\/09\/qr_tara.jpg\" alt=\"\" class=\"wp-image-620\" srcset=\"https:\/\/www.xyrobotic.com\/wp-content\/uploads\/2025\/09\/qr_tara.jpg 245w, https:\/\/www.xyrobotic.com\/wp-content\/uploads\/2025\/09\/qr_tara-173x300.jpg 173w\" sizes=\"auto, (max-width: 245px) 100vw, 245px\" \/><\/figure>\n\n\n\n<figure class=\"wp-block-image size-large\"><img loading=\"lazy\" decoding=\"async\" width=\"256\" height=\"424\" data-id=\"621\" src=\"https:\/\/www.xyrobotic.com\/wp-content\/uploads\/2025\/09\/qr.png\" alt=\"\" class=\"wp-image-621\" srcset=\"https:\/\/www.xyrobotic.com\/wp-content\/uploads\/2025\/09\/qr.png 256w, https:\/\/www.xyrobotic.com\/wp-content\/uploads\/2025\/09\/qr-181x300.png 181w\" sizes=\"auto, (max-width: 256px) 100vw, 256px\" \/><\/figure>\n<\/figure>\n\n\n\n<p>Size \u015fifre soracakt\u0131r, ****** (\u015eifre \u00fcr\u00fcn\u00fcn enerjisi her verildi\u011finde 10sn tekrar ekranda g\u00f6r\u00fcnecektir) \u015fifre girildikten sonra \u201cSave password\u201d kutucu\u011funu se\u00e7in ki, daha sonraki giri\u015flerinizde tekrar \u015fifre sormas\u0131n.<\/p>\n","protected":false},"excerpt":{"rendered":"<p>G\u0130R\u0130\u015e Bu belge,&nbsp;XYLEVEL\u2018in en iyi performans\u0131 sa\u011flamak i\u00e7in \u00fcnitesinin kurulumundan \u00f6nce g\u00f6zden ge\u00e7irilmelidir. Ayr\u0131ca, hangi \u00fcr\u00fcnlerin hangi kurulum t\u00fcr\u00fc i\u00e7in gerekli oldu\u011funu belirlemek i\u00e7in bir k\u0131lavuz olarak kullan\u0131n, Bu kurulum k\u0131lavuzunun destekledi\u011fi modeller; XY-LEVEL-(R3), (F1+R2), (R2+L1) ve (F1+R1+L1) G\u00fc\u00e7 kablosu se\u00e7imi ve ba\u011flant\u0131; Maksimum s\u0131cakl\u0131kta yal\u0131t\u0131m i\u00e7in minimum g\u00fc\u00e7 kablosu kesit gereksinimi: 70 \u00b0C (160 &hellip; <\/p>\n<p class=\"link-more\"><a href=\"https:\/\/www.xyrobotic.com\/?page_id=325\" class=\"more-link\">Okumaya devam et<span class=\"screen-reader-text\"> &#8220;XY-Level-F+R+L Kurulum K\u0131lavuzu&#8221;<\/span><\/a><\/p>\n","protected":false},"author":1,"featured_media":0,"parent":0,"menu_order":0,"comment_status":"closed","ping_status":"closed","template":"","meta":{"_joinchat":[],"footnotes":""},"class_list":["post-325","page","type-page","status-publish","hentry"],"_links":{"self":[{"href":"https:\/\/www.xyrobotic.com\/index.php?rest_route=\/wp\/v2\/pages\/325","targetHints":{"allow":["GET"]}}],"collection":[{"href":"https:\/\/www.xyrobotic.com\/index.php?rest_route=\/wp\/v2\/pages"}],"about":[{"href":"https:\/\/www.xyrobotic.com\/index.php?rest_route=\/wp\/v2\/types\/page"}],"author":[{"embeddable":true,"href":"https:\/\/www.xyrobotic.com\/index.php?rest_route=\/wp\/v2\/users\/1"}],"replies":[{"embeddable":true,"href":"https:\/\/www.xyrobotic.com\/index.php?rest_route=%2Fwp%2Fv2%2Fcomments&post=325"}],"version-history":[{"count":18,"href":"https:\/\/www.xyrobotic.com\/index.php?rest_route=\/wp\/v2\/pages\/325\/revisions"}],"predecessor-version":[{"id":644,"href":"https:\/\/www.xyrobotic.com\/index.php?rest_route=\/wp\/v2\/pages\/325\/revisions\/644"}],"wp:attachment":[{"href":"https:\/\/www.xyrobotic.com\/index.php?rest_route=%2Fwp%2Fv2%2Fmedia&parent=325"}],"curies":[{"name":"wp","href":"https:\/\/api.w.org\/{rel}","templated":true}]}}