{"id":41,"date":"2024-12-21T20:16:35","date_gmt":"2024-12-21T20:16:35","guid":{"rendered":"https:\/\/www.xyrobotic.com\/?page_id=41"},"modified":"2024-12-21T20:58:24","modified_gmt":"2024-12-21T20:58:24","slug":"41-2","status":"publish","type":"page","link":"https:\/\/www.xyrobotic.com\/?page_id=41","title":{"rendered":"App Gallery"},"content":{"rendered":"\n<p>\u00dcr\u00fcnlerimizi uzaktan kontrol etmek i\u00e7in uygulamad\u0131r.<\/p>\n\n\n\n<p>Her yeni \u00fcr\u00fcn i\u00e7in uygulamay\u0131 yeniden y\u00fcklemeniz gerekmez.<\/p>\n\n\n\n<p>Uygulama 20 saniye boyunca \u00fccretsizdir.<\/p>\n\n\n\n<p>Uygulamay\u0131 k\u0131s\u0131tlamas\u0131 olmadan kullanabilmek i\u00e7in PRO lisans\u0131 sat\u0131n alman\u0131z gerekmektedir.<\/p>\n\n\n\n<p>PRO lisans\u0131, uygulama ma\u011fazas\u0131na ba\u011fl\u0131 bir hesap i\u00e7in sat\u0131n al\u0131n\u0131r. Lisans, ayn\u0131 hesaba sahip herhangi bir cihazda etkinle\u015ftirilir. Ancak farkl\u0131 ma\u011fazalardan uygulamalar aras\u0131nda lisans transferi yapamazs\u0131n\u0131z.<\/p>\n\n\n<div class=\"wp-block-image\">\n<figure class=\"aligncenter size-full is-resized\"><a href=\"https:\/\/appgallery.huawei.com\/app\/C103958203\" target=\"_blank\" rel=\" noreferrer noopener\"><img loading=\"lazy\" decoding=\"async\" width=\"350\" height=\"106\" src=\"https:\/\/www.xyrobotic.com\/wp-content\/uploads\/2024\/12\/appgallery350-1.png\" alt=\"\" class=\"wp-image-42\" style=\"width:340px;height:auto\" srcset=\"https:\/\/www.xyrobotic.com\/wp-content\/uploads\/2024\/12\/appgallery350-1.png 350w, https:\/\/www.xyrobotic.com\/wp-content\/uploads\/2024\/12\/appgallery350-1-300x91.png 300w\" sizes=\"auto, (max-width: 350px) 100vw, 350px\" \/><\/a><\/figure>\n<\/div>\n\n<div class=\"wp-block-image\">\n<figure class=\"aligncenter size-full is-resized\"><img loading=\"lazy\" decoding=\"async\" width=\"123\" height=\"123\" src=\"https:\/\/www.xyrobotic.com\/wp-content\/uploads\/2024\/12\/qr-code_appgallery-1.gif\" alt=\"\" class=\"wp-image-43\" style=\"width:171px;height:auto\" srcset=\"https:\/\/www.xyrobotic.com\/wp-content\/uploads\/2024\/12\/qr-code_appgallery-1.gif 123w, https:\/\/www.xyrobotic.com\/wp-content\/uploads\/2024\/12\/qr-code_appgallery-1-100x100.gif 100w\" sizes=\"auto, (max-width: 123px) 100vw, 123px\" \/><\/figure>\n<\/div>","protected":false},"excerpt":{"rendered":"<p>\u00dcr\u00fcnlerimizi uzaktan kontrol etmek i\u00e7in uygulamad\u0131r. Her yeni \u00fcr\u00fcn i\u00e7in uygulamay\u0131 yeniden y\u00fcklemeniz gerekmez. Uygulama 20 saniye boyunca \u00fccretsizdir. Uygulamay\u0131 k\u0131s\u0131tlamas\u0131 olmadan kullanabilmek i\u00e7in PRO lisans\u0131 sat\u0131n alman\u0131z gerekmektedir. PRO lisans\u0131, uygulama ma\u011fazas\u0131na ba\u011fl\u0131 bir hesap i\u00e7in sat\u0131n al\u0131n\u0131r. Lisans, ayn\u0131 hesaba sahip herhangi bir cihazda etkinle\u015ftirilir. Ancak farkl\u0131 ma\u011fazalardan uygulamalar aras\u0131nda lisans transferi yapamazs\u0131n\u0131z.<\/p>\n","protected":false},"author":1,"featured_media":0,"parent":0,"menu_order":0,"comment_status":"closed","ping_status":"closed","template":"","meta":{"_joinchat":[],"footnotes":""},"class_list":["post-41","page","type-page","status-publish","hentry"],"_links":{"self":[{"href":"https:\/\/www.xyrobotic.com\/index.php?rest_route=\/wp\/v2\/pages\/41","targetHints":{"allow":["GET"]}}],"collection":[{"href":"https:\/\/www.xyrobotic.com\/index.php?rest_route=\/wp\/v2\/pages"}],"about":[{"href":"https:\/\/www.xyrobotic.com\/index.php?rest_route=\/wp\/v2\/types\/page"}],"author":[{"embeddable":true,"href":"https:\/\/www.xyrobotic.com\/index.php?rest_route=\/wp\/v2\/users\/1"}],"replies":[{"embeddable":true,"href":"https:\/\/www.xyrobotic.com\/index.php?rest_route=%2Fwp%2Fv2%2Fcomments&post=41"}],"version-history":[{"count":4,"href":"https:\/\/www.xyrobotic.com\/index.php?rest_route=\/wp\/v2\/pages\/41\/revisions"}],"predecessor-version":[{"id":88,"href":"https:\/\/www.xyrobotic.com\/index.php?rest_route=\/wp\/v2\/pages\/41\/revisions\/88"}],"wp:attachment":[{"href":"https:\/\/www.xyrobotic.com\/index.php?rest_route=%2Fwp%2Fv2%2Fmedia&parent=41"}],"curies":[{"name":"wp","href":"https:\/\/api.w.org\/{rel}","templated":true}]}}