{"id":64,"date":"2024-12-21T20:27:42","date_gmt":"2024-12-21T20:27:42","guid":{"rendered":"https:\/\/www.xyrobotic.com\/?page_id=64"},"modified":"2025-10-22T11:13:34","modified_gmt":"2025-10-22T11:13:34","slug":"xy-flow-d1su-tanki-seviye-olcer-iki-olcum-icin","status":"publish","type":"page","link":"https:\/\/www.xyrobotic.com\/?page_id=64","title":{"rendered":"XY-LEVEL-F1+R2(Seviye \u00d6l\u00e7er, \u00dc\u00e7 \u00d6l\u00e7\u00fcm i\u00e7in )"},"content":{"rendered":"\n<p><strong>XY-LEVEL-F1+R2 <\/strong>Seviye izleme ve kontrol cihaz\u0131<\/p>\n\n\n\n<figure class=\"wp-block-gallery aligncenter has-nested-images columns-default is-cropped wp-block-gallery-1 is-layout-flex wp-block-gallery-is-layout-flex\">\n<figure class=\"wp-block-image size-full\"><img loading=\"lazy\" decoding=\"async\" width=\"1024\" height=\"710\" data-id=\"565\" src=\"https:\/\/www.xyrobotic.com\/wp-content\/uploads\/2025\/08\/Yeni_XY_LEVEL_TASARIM.png\" alt=\"\" class=\"wp-image-565\" srcset=\"https:\/\/www.xyrobotic.com\/wp-content\/uploads\/2025\/08\/Yeni_XY_LEVEL_TASARIM.png 1024w, https:\/\/www.xyrobotic.com\/wp-content\/uploads\/2025\/08\/Yeni_XY_LEVEL_TASARIM-300x208.png 300w, https:\/\/www.xyrobotic.com\/wp-content\/uploads\/2025\/08\/Yeni_XY_LEVEL_TASARIM-768x533.png 768w\" sizes=\"auto, (max-width: 767px) 89vw, (max-width: 1000px) 54vw, (max-width: 1071px) 543px, 580px\" \/><\/figure>\n\n\n\n<figure class=\"wp-block-image size-full is-style-default\"><img loading=\"lazy\" decoding=\"async\" width=\"577\" height=\"433\" data-id=\"586\" src=\"https:\/\/www.xyrobotic.com\/wp-content\/uploads\/2025\/08\/Akis_sensor.png\" alt=\"\" class=\"wp-image-586\" srcset=\"https:\/\/www.xyrobotic.com\/wp-content\/uploads\/2025\/08\/Akis_sensor.png 577w, https:\/\/www.xyrobotic.com\/wp-content\/uploads\/2025\/08\/Akis_sensor-300x225.png 300w\" sizes=\"auto, (max-width: 577px) 100vw, 577px\" \/><\/figure>\n<\/figure>\n\n\n\n<p>Bir numaral\u0131 seviye giri\u015fi, ak\u0131\u015f \u00f6l\u00e7erli yeni nesil proba uygun tasarlanm\u0131\u015ft\u0131r. Temiz su seviyesi \u00f6l\u00e7mek i\u00e7in uygundur.<\/p>\n\n\n\n<p>Tank delmeye son, tanktan 0,1 lt bile eksilse haberiniz olur.<br>Bu yeni modelde t\u00fcm i\u015fletim sistemleri i\u00e7in tablet ve telefonlar i\u00e7in uygulama mevcut. Kalan miktar (litre cinsinden) kalan y\u00fczde, programlanan tank kapasitesi, grafiklerle izleme ve \u201cRESET\u201d d\u00fc\u011fmesi dahil olmak \u00fczere uygulama \u00fczerinden ayar ve kontrol edilebilmektedir.<\/p>\n\n\n\n<p>XY-FL Sens\u00f6r Kurulumu;<\/p>\n\n\n\n<p>Son derece kolayd\u0131r ve su deposunda herhangi bir ba\u011flant\u0131 par\u00e7as\u0131 yoktur. Verici pompadan sonra su hatt\u0131na tak\u0131l\u0131r ve <strong>XY-FL<\/strong> sens\u00f6rleri <strong>XY-LEVEL-F1+R2<\/strong> mod\u00fcl\u00fcne tak\u0131l\u0131r, <strong>RemoteXY<\/strong> Uygulamas\u0131n\u0131 indirin ve haz\u0131rs\u0131n\u0131z. <strong><a href=\"https:\/\/www.xyrobotic.com\/?page_id=97\" data-type=\"page\" data-id=\"97\">Uygulama Ayarlar\u0131<\/a><\/strong><\/p>\n\n\n\n<p><strong>Kurulum;<\/strong><\/p>\n\n\n\n<p><strong>XY-LEVEL-F1+R2<\/strong>, depo seviye takip g\u00f6stergesini kolay ula\u015f\u0131labilen, nem ve tozdan uzak bir yere montaj\u0131 \u00f6nerilir. 2400 Mhz ile uygulama y\u00fckl\u00fc Tablet ve Telefon ile kesintisiz haberle\u015fmesi i\u00e7in montaj\u0131 yap\u0131lan yerin sinyale engel olacak bir yap\u0131da olmamas\u0131na dikkat edilmelidir.<\/p>\n\n\n\n<p>Paket ile g\u00f6nderilen montaj aparatlar\u0131 ile ve elektrik plan\u0131na harfiyen uyarak montaj\u0131 yap\u0131lmal\u0131d\u0131r.<\/p>\n\n\n\n<p><strong><strong>XY-LEVEL-F1+R2<\/strong>&nbsp;<\/strong>g\u00f6sterge&nbsp;arkas\u0131ndaki klemens numaralar\u0131na ve elektrik plan\u0131na uygun \u015fekilde ba\u011flay\u0131n\u0131z.<\/p>\n\n\n\n<p><strong><strong>XY-LEVEL-F1+R2<\/strong>&nbsp;<\/strong>g\u00f6sterge&nbsp;i\u00e7in yeterli \u00e7al\u0131\u015fma alan\u0131 olup olmad\u0131\u011f\u0131n\u0131 ve kablo geli\u015f yerlerinin do\u011frulu\u011funu kontrol edin.<\/p>\n\n\n\n<p><strong><strong>XY-LEVEL-F1+R2<\/strong>&nbsp;<\/strong>g\u00f6sterge i\u00e7in verilen \u00f6l\u00e7\u00fclere g\u00f6re kesilmesi gereken \u00e7izgileri i\u015faretleyin.\u0130\u015faretli alan\u0131 uygun kesici kullanarak dikkatlice kesin.<\/p>\n\n\n\n<p><strong><strong>XY-LEVEL-F1+R2<\/strong>&nbsp;<\/strong>g\u00f6sterge&nbsp;montaj\u0131 i\u00e7in, verilen aparatlar\u0131n\u0131 kullanarak montaj\u0131 tamamlay\u0131n<\/p>\n\n\n\n<p><strong>\u00d6zellikleri;<\/strong><\/p>\n\n\n\n<ul class=\"wp-block-list\">\n<li>\u00c7al\u0131\u015fma gerilimi: 10VDC-30VDC 130mA<\/li>\n\n\n\n<li>R\u00f6le \u00e7\u0131k\u0131\u015f\u0131 maksimum (240 VAC 5A \/ 120 VDC 5A) NO<\/li>\n\n\n\n<li>Seviyelerini \u00f6l\u00e7t\u00fc\u011f\u00fcn\u00fcz deponun ismini siz belirleyebilirsiniz.<\/li>\n\n\n\n<li>Sesli ve r\u00f6le kontrol uyar\u0131 seviyeleri ayarlanabilir.<\/li>\n\n\n\n<li>Ters ba\u011flant\u0131 korumal\u0131d\u0131r.<\/li>\n\n\n\n<li>Ba\u011f Evi, Karavan ve Denizcilik End\u00fcstrileri i\u00e7in kullan\u0131ma uygundur.<\/li>\n\n\n\n<li>Montaj\u0131 \u00e7ok kolayd\u0131r.<\/li>\n\n\n\n<li>Birinci sens\u00f6r ba\u011flant\u0131lar\u0131 i\u00e7in yerinize g\u00f6re kablonuzu se\u00e7melisiniz, Temiz ve Mavi su kullan\u0131m\u0131 i\u00e7in uygundur. Anl\u0131k su ak\u0131\u015f\u0131 say\u0131sal ve grafik olarak izlenebilir.<\/li>\n\n\n\n<li>Birinci Sens\u00f6r se\u00e7imi tesisata uygun se\u00e7ilmelidir. (DN15-1\/2\u2033, DN20-3\/4\u2033,DN25-1\u2033, DN32-1-1\/4\u2033, DN50-2\u2033)<\/li>\n\n\n\n<li>\u0130ki ve \u00fc\u00e7\u00fcnc\u00fc sens\u00f6r 0-190 Ohm, 0-180 Ohm, 10-180 Ohm, 240-33 Ohm, 240-30 Ohm her boy prob i\u00e7in uygundur.<\/li>\n\n\n\n<li>Sesli uyar\u0131 vard\u0131r.<\/li>\n\n\n\n<li>Karavan\u0131n\u0131z\u0131n veya teknenizin ak\u00fc voltaj\u0131n\u0131n izlenmesine olanak tan\u0131r.<\/li>\n\n\n\n<li>Bluetooth arac\u0131l\u0131\u011f\u0131yla tamamen \u015febekeden ba\u011f\u0131ms\u0131z \u00e7al\u0131\u015f\u0131r, internete ihtiya\u00e7 duymaz<\/li>\n\n\n\n<li>RemoteXY uygulamas\u0131 ile her giri\u015fte 20 sn \u00fccretsizdir. (Ayarlar\u0131 yapman\u0131z i\u00e7in)<\/li>\n\n\n\n<li>T\u00fcrk\u00e7e ve \u0130ngilizce dil se\u00e7ene\u011fi<\/li>\n<\/ul>\n\n\n\n<p><strong>Paket i\u00e7eri\u011fi;<\/strong><\/p>\n\n\n\n<ul class=\"wp-block-list\">\n<li>XY-LEVEL-F1+R2 izleme ve kontrol cihaz\u0131 (Montaj aparatlar\u0131 ile)<\/li>\n\n\n\n<li>1 Adet XY-FL Sens\u00f6r 1\/2&#8243; (Farkl\u0131 \u00e7aplarda sens\u00f6rler mevcuttur, OPS\u0130YONEL)<\/li>\n\n\n\n<li>1 Adet 3 metre kablolu, IP68 soketli sens\u00f6r ba\u011flant\u0131s\u0131<\/li>\n\n\n\n<li>1 Adet 5x50mm 250 mA Cam sigorta ve yuvas\u0131<\/li>\n\n\n\n<li>1 Adet 5x50mm 250 mA Cam sigorta (Yedek)<\/li>\n\n\n\n<li>Kolay kurulum k\u0131lavuzu<\/li>\n<\/ul>\n\n\n\n<p><strong>iOS ve Android i\u00e7in Uygulama Ekran G\u00f6r\u00fcnt\u00fcleri;<\/strong><\/p>\n\n\n\n<figure class=\"wp-block-gallery aligncenter has-nested-images columns-default is-cropped wp-block-gallery-2 is-layout-flex wp-block-gallery-is-layout-flex\"><\/figure>\n\n\n\n<p><strong>Opsiyonlar;<\/strong><\/p>\n\n\n\n<ul class=\"wp-block-list\">\n<li>RemoteXY PRO Lisans&nbsp;<strong>20<\/strong>$<\/li>\n\n\n\n<li>Birinci Sens\u00f6r Farkl\u0131 \u00c7aplar i\u00e7in ( DN20-3\/4\u2033,DN25-1\u2033, DN32-1-1\/4\u2033, DN50-2\u2033)<\/li>\n<\/ul>\n\n\n\n<p>T\u00fcrkiye\u2019nin her yerine kargo ile g\u00f6nderilir.<\/p>\n\n\n\n<p>12 Ay \u00fcr\u00fcn ve 10 y\u0131l yedek par\u00e7a temin garantilidir.<\/p>\n\n\n\n<p>Kusursuz bir \u00e7al\u0131\u015fma sa\u011flamak i\u00e7in <strong><a href=\"https:\/\/www.xyrobotic.com\/?page_id=31\" data-type=\"page\" data-id=\"31\">RemoteXY<\/a><\/strong> Uygulamas\u0131n\u0131 indirmeyi unutmay\u0131n.<\/p>\n\n\n\n<div data-wp-interactive=\"core\/file\" class=\"wp-block-file\"><object data-wp-bind--hidden=\"!state.hasPdfPreview\" hidden class=\"wp-block-file__embed\" data=\"https:\/\/www.xyrobotic.com\/wp-content\/uploads\/2025\/08\/XY_LEVEL_R3-1.pdf\" type=\"application\/pdf\" style=\"width:100%;height:600px\" aria-label=\"XY_LEVEL_R3 g\u00f6m\u00fcs\u00fc.\"><\/object><a id=\"wp-block-file--media-672da017-d2a1-4680-8b69-a5117f9e8b4a\" href=\"https:\/\/www.xyrobotic.com\/wp-content\/uploads\/2025\/08\/XY_LEVEL_R3-1.pdf\">XY_LEVEL_R3<\/a><a href=\"https:\/\/www.xyrobotic.com\/wp-content\/uploads\/2025\/08\/XY_LEVEL_R3-1.pdf\" class=\"wp-block-file__button wp-element-button\" download aria-describedby=\"wp-block-file--media-672da017-d2a1-4680-8b69-a5117f9e8b4a\">\u0130ndir<\/a><\/div>\n","protected":false},"excerpt":{"rendered":"<p>XY-LEVEL-F1+R2 Seviye izleme ve kontrol cihaz\u0131 Bir numaral\u0131 seviye giri\u015fi, ak\u0131\u015f \u00f6l\u00e7erli yeni nesil proba uygun tasarlanm\u0131\u015ft\u0131r. Temiz su seviyesi \u00f6l\u00e7mek i\u00e7in uygundur. Tank delmeye son, tanktan 0,1 lt bile eksilse haberiniz olur.Bu yeni modelde t\u00fcm i\u015fletim sistemleri i\u00e7in tablet ve telefonlar i\u00e7in uygulama mevcut. Kalan miktar (litre cinsinden) kalan y\u00fczde, programlanan tank kapasitesi, grafiklerle &hellip; <\/p>\n<p class=\"link-more\"><a href=\"https:\/\/www.xyrobotic.com\/?page_id=64\" class=\"more-link\">Okumaya devam et<span class=\"screen-reader-text\"> &#8220;XY-LEVEL-F1+R2(Seviye \u00d6l\u00e7er, \u00dc\u00e7 \u00d6l\u00e7\u00fcm i\u00e7in )&#8221;<\/span><\/a><\/p>\n","protected":false},"author":1,"featured_media":0,"parent":0,"menu_order":0,"comment_status":"closed","ping_status":"closed","template":"","meta":{"_joinchat":[],"footnotes":""},"class_list":["post-64","page","type-page","status-publish","hentry"],"_links":{"self":[{"href":"https:\/\/www.xyrobotic.com\/index.php?rest_route=\/wp\/v2\/pages\/64","targetHints":{"allow":["GET"]}}],"collection":[{"href":"https:\/\/www.xyrobotic.com\/index.php?rest_route=\/wp\/v2\/pages"}],"about":[{"href":"https:\/\/www.xyrobotic.com\/index.php?rest_route=\/wp\/v2\/types\/page"}],"author":[{"embeddable":true,"href":"https:\/\/www.xyrobotic.com\/index.php?rest_route=\/wp\/v2\/users\/1"}],"replies":[{"embeddable":true,"href":"https:\/\/www.xyrobotic.com\/index.php?rest_route=%2Fwp%2Fv2%2Fcomments&post=64"}],"version-history":[{"count":43,"href":"https:\/\/www.xyrobotic.com\/index.php?rest_route=\/wp\/v2\/pages\/64\/revisions"}],"predecessor-version":[{"id":685,"href":"https:\/\/www.xyrobotic.com\/index.php?rest_route=\/wp\/v2\/pages\/64\/revisions\/685"}],"wp:attachment":[{"href":"https:\/\/www.xyrobotic.com\/index.php?rest_route=%2Fwp%2Fv2%2Fmedia&parent=64"}],"curies":[{"name":"wp","href":"https:\/\/api.w.org\/{rel}","templated":true}]}}