{"id":654,"date":"2025-10-01T12:40:11","date_gmt":"2025-10-01T12:40:11","guid":{"rendered":"https:\/\/www.xyrobotic.com\/?page_id=654"},"modified":"2025-10-22T11:13:09","modified_gmt":"2025-10-22T11:13:09","slug":"xy-level-r2l1seviye-olcer-uc-olcum-icin","status":"publish","type":"page","link":"https:\/\/www.xyrobotic.com\/?page_id=654","title":{"rendered":"XY-LEVEL-R2+L1(Seviye \u00d6l\u00e7er, \u00dc\u00e7 \u00d6l\u00e7\u00fcm i\u00e7in )"},"content":{"rendered":"\n<p><strong>XY-LEVEL-R2+L1\u00a0<\/strong>Seviye izleme ve kontrol cihaz\u0131<\/p>\n\n\n\n<figure class=\"wp-block-gallery has-nested-images columns-default is-cropped wp-block-gallery-1 is-layout-flex wp-block-gallery-is-layout-flex\">\n<figure class=\"wp-block-image size-large\"><img loading=\"lazy\" decoding=\"async\" width=\"1024\" height=\"710\" data-id=\"646\" src=\"https:\/\/www.xyrobotic.com\/wp-content\/uploads\/2025\/10\/Yeni_XY_LEVEL_TASARIM.png\" alt=\"\" class=\"wp-image-646\" srcset=\"https:\/\/www.xyrobotic.com\/wp-content\/uploads\/2025\/10\/Yeni_XY_LEVEL_TASARIM.png 1024w, https:\/\/www.xyrobotic.com\/wp-content\/uploads\/2025\/10\/Yeni_XY_LEVEL_TASARIM-300x208.png 300w, https:\/\/www.xyrobotic.com\/wp-content\/uploads\/2025\/10\/Yeni_XY_LEVEL_TASARIM-768x533.png 768w\" sizes=\"auto, (max-width: 767px) 89vw, (max-width: 1000px) 54vw, (max-width: 1071px) 543px, 580px\" \/><\/figure>\n<\/figure>\n\n\n\n<figure class=\"wp-block-gallery has-nested-images columns-default is-cropped wp-block-gallery-2 is-layout-flex wp-block-gallery-is-layout-flex\">\n<figure class=\"wp-block-image size-large\"><img loading=\"lazy\" decoding=\"async\" width=\"225\" height=\"225\" data-id=\"647\" src=\"https:\/\/www.xyrobotic.com\/wp-content\/uploads\/2025\/10\/sensor.png\" alt=\"\" class=\"wp-image-647\" srcset=\"https:\/\/www.xyrobotic.com\/wp-content\/uploads\/2025\/10\/sensor.png 225w, https:\/\/www.xyrobotic.com\/wp-content\/uploads\/2025\/10\/sensor-150x150.png 150w, https:\/\/www.xyrobotic.com\/wp-content\/uploads\/2025\/10\/sensor-100x100.png 100w\" sizes=\"auto, (max-width: 225px) 100vw, 225px\" \/><\/figure>\n\n\n\n<figure class=\"wp-block-image size-large\"><img loading=\"lazy\" decoding=\"async\" width=\"600\" height=\"600\" data-id=\"648\" src=\"https:\/\/www.xyrobotic.com\/wp-content\/uploads\/2025\/10\/tyyuyu4520.jpg\" alt=\"\" class=\"wp-image-648\" srcset=\"https:\/\/www.xyrobotic.com\/wp-content\/uploads\/2025\/10\/tyyuyu4520.jpg 600w, https:\/\/www.xyrobotic.com\/wp-content\/uploads\/2025\/10\/tyyuyu4520-300x300.jpg 300w, https:\/\/www.xyrobotic.com\/wp-content\/uploads\/2025\/10\/tyyuyu4520-150x150.jpg 150w, https:\/\/www.xyrobotic.com\/wp-content\/uploads\/2025\/10\/tyyuyu4520-100x100.jpg 100w\" sizes=\"auto, (max-width: 600px) 100vw, 600px\" \/><\/figure>\n<\/figure>\n\n\n\n<p>&nbsp;<strong>RemoteXY<\/strong>&nbsp;Uygulamas\u0131n\u0131 indirin ve haz\u0131rs\u0131n\u0131z.&nbsp;<strong><a href=\"https:\/\/www.xyrobotic.com\/?page_id=97\">Uygulama Ayarlar\u0131<\/a><\/strong><\/p>\n\n\n\n<p><strong>Kurulum;<\/strong><\/p>\n\n\n\n<p><strong>XY-LEVEL-R2+L1<\/strong>, depo seviye takip g\u00f6stergesini kolay ula\u015f\u0131labilen, nem ve tozdan uzak bir yere montaj\u0131 \u00f6nerilir. 2400 Mhz ile uygulama y\u00fckl\u00fc Tablet ve Telefon ile kesintisiz haberle\u015fmesi i\u00e7in montaj\u0131 yap\u0131lan yerin sinyale engel olacak bir yap\u0131da olmamas\u0131na dikkat edilmelidir.<\/p>\n\n\n\n<p>Paket ile g\u00f6nderilen montaj aparatlar\u0131 ile ve elektrik plan\u0131na harfiyen uyarak montaj\u0131 yap\u0131lmal\u0131d\u0131r.<\/p>\n\n\n\n<p><strong>XY-LEVEL-R2+L1&nbsp;<\/strong>g\u00f6sterge&nbsp;arkas\u0131ndaki klemens numaralar\u0131na ve elektrik plan\u0131na uygun \u015fekilde ba\u011flay\u0131n\u0131z.<\/p>\n\n\n\n<p><strong>XY-LEVEL-R2+L1&nbsp;<\/strong>g\u00f6sterge&nbsp;i\u00e7in yeterli \u00e7al\u0131\u015fma alan\u0131 olup olmad\u0131\u011f\u0131n\u0131 ve kablo geli\u015f yerlerinin do\u011frulu\u011funu kontrol edin.<\/p>\n\n\n\n<p><strong>XY-LEVEL-R2+L1&nbsp;<\/strong>g\u00f6sterge i\u00e7in verilen \u00f6l\u00e7\u00fclere g\u00f6re kesilmesi gereken \u00e7izgileri i\u015faretleyin.\u0130\u015faretli alan\u0131 uygun kesici kullanarak dikkatlice kesin.<\/p>\n\n\n\n<p><strong>XY-LEVEL-R2+L1&nbsp;<\/strong>g\u00f6sterge&nbsp;montaj\u0131 i\u00e7in, verilen aparatlar\u0131n\u0131 kullanarak montaj\u0131 tamamlay\u0131n<\/p>\n\n\n\n<p><strong>\u00d6zellikleri;<\/strong><\/p>\n\n\n\n<ul class=\"wp-block-list\">\n<li>\u00c7al\u0131\u015fma gerilimi: 10VDC-30VDC 130mA<\/li>\n\n\n\n<li>R\u00f6le \u00e7\u0131k\u0131\u015f\u0131 maksimum (240 VAC 5A \/ 120 VDC 5A) NO<\/li>\n\n\n\n<li>Seviyelerini \u00f6l\u00e7t\u00fc\u011f\u00fcn\u00fcz deponun ismini siz belirleyebilirsiniz.<\/li>\n\n\n\n<li>Sesli ve r\u00f6le kontrol uyar\u0131 seviyeleri ayarlanabilir.<\/li>\n\n\n\n<li>Ters ba\u011flant\u0131 korumal\u0131d\u0131r.<\/li>\n\n\n\n<li>Ba\u011f Evi, Karavan ve Denizcilik End\u00fcstrileri i\u00e7in kullan\u0131ma uygundur.<\/li>\n\n\n\n<li>Montaj\u0131 \u00e7ok kolayd\u0131r.<\/li>\n\n\n\n<li>Birinci ve ikici sens\u00f6r 0-190 Ohm, 0-180 Ohm, 10-180 Ohm, 240-33 Ohm, 240-30 Ohm her boy prob i\u00e7in uygundur.<\/li>\n\n\n\n<li>\u00dc\u00e7\u00fcnc\u00fc sens\u00f6r\n<ul class=\"wp-block-list\">\n<li><strong>Sintine alarm sens\u00f6r\u00fc<\/strong>, bir gemi veya deniz arac\u0131n\u0131n sintine b\u00f6lgesindeki su seviyesini izleyen ve anormal y\u00fckselmeleri tespit ederek kontak veren bir cihazd\u0131r. Sintine, geminin alt k\u0131sm\u0131nda yer alan ve suyun birikti\u011fi b\u00f6lgedir. Sintine alarm sens\u00f6r\u00fc, su seviyesinin belirli bir noktaya ula\u015fmas\u0131 durumunda kontak vererek gemi personelini su bask\u0131n\u0131 veya di\u011fer su kaynakl\u0131 sorunlar konusunda uyar\u0131r. Bu sayede gemiye zarar verebilecek durumlar \u00f6nceden tespit edilerek \u00f6nlem al\u0131nabilir. Sintine alarm sens\u00f6rleri, gemilerin g\u00fcvenli\u011fi ve su alt\u0131nda \u00e7al\u0131\u015fan sistemlerin korunmas\u0131 i\u00e7in \u00f6nemli bir rol oynar.<\/li>\n\n\n\n<li><strong>Maksimum depo alarm sens\u00f6r\u00fc<\/strong>, deponuzun kritik noktaya kadar doldu\u011funda sizi bilgilendirmek i\u00e7in kullan\u0131l\u0131r. Depoya s\u0131v\u0131 basan hatt\u0131n kapat\u0131lmas\u0131 ve olabilecek problemlerde, erken uyar\u0131 sistemi ile \u00f6n\u00fcne ge\u00e7ilmesi i\u00e7in \u00f6nemlidir.<\/li>\n\n\n\n<li><strong>Minimum depo alarm sens\u00f6r\u00fc<\/strong>, deponuzun kritik noktaya kadar d\u00fc\u015ft\u00fc\u011f\u00fcnde sizi bilgilendirmek i\u00e7in kullan\u0131l\u0131r. Depoya s\u0131v\u0131 basan hatt\u0131n a\u00e7\u0131lmas\u0131 ve olabilecek problemlerde, erken uyar\u0131 sistemi ile \u00f6n\u00fcne ge\u00e7ilmesi i\u00e7in \u00f6nemlidir.<\/li>\n<\/ul>\n<\/li>\n\n\n\n<li>Sesli uyar\u0131 vard\u0131r.<\/li>\n\n\n\n<li>Karavan\u0131n\u0131z\u0131n veya teknenizin ak\u00fc voltaj\u0131n\u0131n izlenmesine olanak tan\u0131r.<\/li>\n\n\n\n<li>Bluetooth arac\u0131l\u0131\u011f\u0131yla tamamen \u015febekeden ba\u011f\u0131ms\u0131z \u00e7al\u0131\u015f\u0131r, internete ihtiya\u00e7 duymaz<\/li>\n\n\n\n<li>RemoteXY uygulamas\u0131 ile her giri\u015fte 20 sn \u00fccretsizdir. (Ayarlar\u0131 yapman\u0131z i\u00e7in)<\/li>\n\n\n\n<li>T\u00fcrk\u00e7e ve \u0130ngilizce dil se\u00e7ene\u011fi<\/li>\n<\/ul>\n\n\n\n<p><strong>Paket i\u00e7eri\u011fi;<\/strong><\/p>\n\n\n\n<ul class=\"wp-block-list\">\n<li>XY-LEVEL-R2+L1 izleme ve kontrol cihaz\u0131 (Montaj aparatlar\u0131 ile)<\/li>\n\n\n\n<li>1 Adet 5x50mm 250 mA Cam sigorta ve yuvas\u0131<\/li>\n\n\n\n<li>1 Adet 5x50mm 250 mA Cam sigorta (Yedek)<\/li>\n\n\n\n<li>Kolay kurulum k\u0131lavuzu<\/li>\n<\/ul>\n\n\n\n<p><strong>iOS ve Android i\u00e7in Uygulama Ekran G\u00f6r\u00fcnt\u00fcleri;<\/strong><\/p>\n\n\n\n<p><strong>Opsiyonlar;<\/strong><\/p>\n\n\n\n<ul class=\"wp-block-list\">\n<li>RemoteXY PRO Lisans&nbsp;<strong>20<\/strong>$<\/li>\n<\/ul>\n\n\n\n<p>T\u00fcrkiye\u2019nin her yerine kargo ile g\u00f6nderilir.<\/p>\n\n\n\n<p>12 Ay \u00fcr\u00fcn ve 10 y\u0131l yedek par\u00e7a temin garantilidir.<\/p>\n\n\n\n<p>Kusursuz bir \u00e7al\u0131\u015fma sa\u011flamak i\u00e7in&nbsp;<strong><a href=\"https:\/\/www.xyrobotic.com\/?page_id=31\">RemoteXY<\/a><\/strong>&nbsp;Uygulamas\u0131n\u0131 indirmeyi unutmay\u0131n.<\/p>\n","protected":false},"excerpt":{"rendered":"<p>XY-LEVEL-R2+L1\u00a0Seviye izleme ve kontrol cihaz\u0131 &nbsp;RemoteXY&nbsp;Uygulamas\u0131n\u0131 indirin ve haz\u0131rs\u0131n\u0131z.&nbsp;Uygulama Ayarlar\u0131 Kurulum; XY-LEVEL-R2+L1, depo seviye takip g\u00f6stergesini kolay ula\u015f\u0131labilen, nem ve tozdan uzak bir yere montaj\u0131 \u00f6nerilir. 2400 Mhz ile uygulama y\u00fckl\u00fc Tablet ve Telefon ile kesintisiz haberle\u015fmesi i\u00e7in montaj\u0131 yap\u0131lan yerin sinyale engel olacak bir yap\u0131da olmamas\u0131na dikkat edilmelidir. Paket ile g\u00f6nderilen montaj aparatlar\u0131 ile &hellip; <\/p>\n<p class=\"link-more\"><a href=\"https:\/\/www.xyrobotic.com\/?page_id=654\" class=\"more-link\">Okumaya devam et<span class=\"screen-reader-text\"> &#8220;XY-LEVEL-R2+L1(Seviye \u00d6l\u00e7er, \u00dc\u00e7 \u00d6l\u00e7\u00fcm i\u00e7in )&#8221;<\/span><\/a><\/p>\n","protected":false},"author":1,"featured_media":0,"parent":0,"menu_order":0,"comment_status":"closed","ping_status":"closed","template":"","meta":{"_joinchat":[],"footnotes":""},"class_list":["post-654","page","type-page","status-publish","hentry"],"_links":{"self":[{"href":"https:\/\/www.xyrobotic.com\/index.php?rest_route=\/wp\/v2\/pages\/654","targetHints":{"allow":["GET"]}}],"collection":[{"href":"https:\/\/www.xyrobotic.com\/index.php?rest_route=\/wp\/v2\/pages"}],"about":[{"href":"https:\/\/www.xyrobotic.com\/index.php?rest_route=\/wp\/v2\/types\/page"}],"author":[{"embeddable":true,"href":"https:\/\/www.xyrobotic.com\/index.php?rest_route=\/wp\/v2\/users\/1"}],"replies":[{"embeddable":true,"href":"https:\/\/www.xyrobotic.com\/index.php?rest_route=%2Fwp%2Fv2%2Fcomments&post=654"}],"version-history":[{"count":4,"href":"https:\/\/www.xyrobotic.com\/index.php?rest_route=\/wp\/v2\/pages\/654\/revisions"}],"predecessor-version":[{"id":684,"href":"https:\/\/www.xyrobotic.com\/index.php?rest_route=\/wp\/v2\/pages\/654\/revisions\/684"}],"wp:attachment":[{"href":"https:\/\/www.xyrobotic.com\/index.php?rest_route=%2Fwp%2Fv2%2Fmedia&parent=654"}],"curies":[{"name":"wp","href":"https:\/\/api.w.org\/{rel}","templated":true}]}}