{"id":97,"date":"2024-12-22T10:50:37","date_gmt":"2024-12-22T10:50:37","guid":{"rendered":"https:\/\/www.xyrobotic.com\/?page_id=97"},"modified":"2024-12-22T11:55:53","modified_gmt":"2024-12-22T11:55:53","slug":"uygulama-ayarlari","status":"publish","type":"page","link":"https:\/\/www.xyrobotic.com\/?page_id=97","title":{"rendered":"Uygulama Ayarlar\u0131"},"content":{"rendered":"\n<p class=\"has-text-align-center\"><strong>Ba\u011flant\u0131 se\u00e7enekleri<\/strong><\/p>\n\n\n\n<p class=\"has-text-align-left\">Ba\u011flant\u0131 se\u00e7ene\u011fi, kart\u0131n\u0131z\u0131n telefonla veya tabletiniz ile nas\u0131l ileti\u015fim kuraca\u011f\u0131n\u0131 belirler. \u00dcr\u00fcn\u00fcn\u00fcz\u00fcn ba\u011flant\u0131 \u015fekli size g\u00f6nderilen \u00fcr\u00fcn i\u00e7indeki HIZLI KURULUM KILAVUZUNDA belirtilmi\u015ftir.<\/p>\n\n\n<div class=\"wp-block-image\">\n<figure class=\"aligncenter size-full is-resized\"><img loading=\"lazy\" decoding=\"async\" width=\"997\" height=\"238\" src=\"https:\/\/www.xyrobotic.com\/wp-content\/uploads\/2024\/12\/en_01.png\" alt=\"\" class=\"wp-image-98\" style=\"width:408px;height:auto\" srcset=\"https:\/\/www.xyrobotic.com\/wp-content\/uploads\/2024\/12\/en_01.png 997w, https:\/\/www.xyrobotic.com\/wp-content\/uploads\/2024\/12\/en_01-300x72.png 300w, https:\/\/www.xyrobotic.com\/wp-content\/uploads\/2024\/12\/en_01-768x183.png 768w\" sizes=\"auto, (max-width: 767px) 89vw, (max-width: 1000px) 54vw, (max-width: 1071px) 543px, 580px\" \/><\/figure>\n<\/div>\n\n\n<p class=\"has-text-align-center\">\u00dcr\u00fcn\u00fcn\u00fczde belirtilen ba\u011flant\u0131 \u015feklini se\u00e7iniz.<\/p>\n\n\n\n<h2 class=\"wp-block-heading has-text-align-center\">USB OTG Ba\u011flant\u0131s\u0131<\/h2>\n\n\n\n<h2 class=\"wp-block-heading has-text-align-center\"><a href=\"https:\/\/www.xyrobotic.com\/?page_id=102\" data-type=\"page\" data-id=\"102\">Bluetooth BLE Ba\u011flant\u0131s\u0131<\/a><\/h2>\n\n\n\n<h2 class=\"wp-block-heading has-text-align-center\">WiFi Eri\u015fim Nokta Ba\u011flant\u0131s\u0131<\/h2>\n\n\n\n<h2 class=\"wp-block-heading has-text-align-center\">Ethernet Ba\u011flant\u0131s\u0131<\/h2>\n\n\n\n<h2 class=\"wp-block-heading has-text-align-center\">Bulut Ba\u011flant\u0131s\u0131<\/h2>\n","protected":false},"excerpt":{"rendered":"<p>Ba\u011flant\u0131 se\u00e7enekleri Ba\u011flant\u0131 se\u00e7ene\u011fi, kart\u0131n\u0131z\u0131n telefonla veya tabletiniz ile nas\u0131l ileti\u015fim kuraca\u011f\u0131n\u0131 belirler. \u00dcr\u00fcn\u00fcn\u00fcz\u00fcn ba\u011flant\u0131 \u015fekli size g\u00f6nderilen \u00fcr\u00fcn i\u00e7indeki HIZLI KURULUM KILAVUZUNDA belirtilmi\u015ftir. \u00dcr\u00fcn\u00fcn\u00fczde belirtilen ba\u011flant\u0131 \u015feklini se\u00e7iniz. USB OTG Ba\u011flant\u0131s\u0131 Bluetooth BLE Ba\u011flant\u0131s\u0131 WiFi Eri\u015fim Nokta Ba\u011flant\u0131s\u0131 Ethernet Ba\u011flant\u0131s\u0131 Bulut Ba\u011flant\u0131s\u0131<\/p>\n","protected":false},"author":1,"featured_media":0,"parent":0,"menu_order":0,"comment_status":"closed","ping_status":"closed","template":"","meta":{"_joinchat":[],"footnotes":""},"class_list":["post-97","page","type-page","status-publish","hentry"],"_links":{"self":[{"href":"https:\/\/www.xyrobotic.com\/index.php?rest_route=\/wp\/v2\/pages\/97","targetHints":{"allow":["GET"]}}],"collection":[{"href":"https:\/\/www.xyrobotic.com\/index.php?rest_route=\/wp\/v2\/pages"}],"about":[{"href":"https:\/\/www.xyrobotic.com\/index.php?rest_route=\/wp\/v2\/types\/page"}],"author":[{"embeddable":true,"href":"https:\/\/www.xyrobotic.com\/index.php?rest_route=\/wp\/v2\/users\/1"}],"replies":[{"embeddable":true,"href":"https:\/\/www.xyrobotic.com\/index.php?rest_route=%2Fwp%2Fv2%2Fcomments&post=97"}],"version-history":[{"count":4,"href":"https:\/\/www.xyrobotic.com\/index.php?rest_route=\/wp\/v2\/pages\/97\/revisions"}],"predecessor-version":[{"id":123,"href":"https:\/\/www.xyrobotic.com\/index.php?rest_route=\/wp\/v2\/pages\/97\/revisions\/123"}],"wp:attachment":[{"href":"https:\/\/www.xyrobotic.com\/index.php?rest_route=%2Fwp%2Fv2%2Fmedia&parent=97"}],"curies":[{"name":"wp","href":"https:\/\/api.w.org\/{rel}","templated":true}]}}